{"id":174,"date":"2025-06-05T19:51:24","date_gmt":"2025-06-05T19:51:24","guid":{"rendered":"https:\/\/anadon.cocoagencyteam.es\/?page_id=174"},"modified":"2025-10-21T07:43:16","modified_gmt":"2025-10-21T07:43:16","slug":"autolavado","status":"publish","type":"page","link":"https:\/\/anadonvet.com\/ca\/autolavado\/","title":{"rendered":"Autorentat"},"content":{"rendered":"<div data-elementor-type=\"wp-page\" data-elementor-id=\"174\" class=\"elementor elementor-174\" data-elementor-post-type=\"page\">\n\t\t\t\t<div class=\"elementor-element elementor-element-ae5d484 e-flex e-con-boxed e-con e-parent\" data-id=\"ae5d484\" data-element_type=\"container\" data-e-type=\"container\">\n\t\t\t\t\t<div class=\"e-con-inner\">\n\t\t<div class=\"elementor-element elementor-element-1738e0ac e-con-full e-flex e-con e-child\" data-id=\"1738e0ac\" data-element_type=\"container\" data-e-type=\"container\">\n\t\t\t\t<div class=\"elementor-element elementor-element-48c0a669 elementor-widget elementor-widget-heading\" data-id=\"48c0a669\" data-element_type=\"widget\" data-e-type=\"widget\" data-widget_type=\"heading.default\">\n\t\t\t\t<div class=\"elementor-widget-container\">\n\t\t\t\t\t<h1 class=\"elementor-heading-title elementor-size-default\">Autorentat<\/h1>\t\t\t\t<\/div>\n\t\t\t\t<\/div>\n\t\t\t\t<div class=\"elementor-element elementor-element-9265dba elementor-widget elementor-widget-text-editor\" data-id=\"9265dba\" data-element_type=\"widget\" data-e-type=\"widget\" data-widget_type=\"text-editor.default\">\n\t\t\t\t<div class=\"elementor-widget-container\">\n\t\t\t\t\t\t\t\t\t<p>En la nostra zona autorentat, podr\u00e0s banyar a la teva mascota amb total comoditat i autonomia. Comptem amb un espai totalment equipat amb productes d'alta qualitat i acc\u00e9s a tots els elements necessaris perqu\u00e8 la teva mascota gaudeixi d'un bany relaxant (tovalloles, raspalls i cardes, assecador, netejador auricular, xamp\u00fas i condicionadors, col\u00f2nies\u2026). La zona est\u00e0 dissenyada per a oferir-te una experi\u00e8ncia pr\u00e0ctica i c\u00f2moda, mantenint sempre la higiene i seguretat.<\/p><p><strong>\u00bfVienes habitualmente? Cada visita cuenta: suma 4 y gana 1: \u00a1as\u00ed funciona nuestra tarjeta de fidelizaci\u00f3n 4+1!\u00a0<\/strong><\/p>\t\t\t\t\t\t\t\t<\/div>\n\t\t\t\t<\/div>\n\t\t\t\t<\/div>\n\t\t<div class=\"elementor-element elementor-element-6ac83561 e-con-full e-flex e-con e-child\" data-id=\"6ac83561\" data-element_type=\"container\" data-e-type=\"container\" data-settings=\"{&quot;background_background&quot;:&quot;classic&quot;}\">\n\t\t\t\t<\/div>\n\t\t\t\t\t<\/div>\n\t\t\t\t<\/div>\n\t\t<div class=\"elementor-element elementor-element-8907bed e-flex e-con-boxed e-con e-parent\" data-id=\"8907bed\" data-element_type=\"container\" data-e-type=\"container\">\n\t\t\t\t\t<div class=\"e-con-inner\">\n\t\t\t\t\t<\/div>\n\t\t\t\t<\/div>\n\t\t<div class=\"elementor-element elementor-element-533b759 e-flex e-con-boxed e-con e-parent\" data-id=\"533b759\" data-element_type=\"container\" data-e-type=\"container\">\n\t\t\t\t\t<div class=\"e-con-inner\">\n\t\t\t\t<div class=\"elementor-element elementor-element-df1f66a elementor-widget__width-initial elementor-arrows-position-inside elementor-pagination-position-outside elementor-widget elementor-widget-image-carousel\" data-id=\"df1f66a\" data-element_type=\"widget\" data-e-type=\"widget\" data-settings=\"{&quot;slides_to_show&quot;:&quot;1&quot;,&quot;navigation&quot;:&quot;both&quot;,&quot;autoplay&quot;:&quot;yes&quot;,&quot;pause_on_hover&quot;:&quot;yes&quot;,&quot;pause_on_interaction&quot;:&quot;yes&quot;,&quot;autoplay_speed&quot;:5000,&quot;infinite&quot;:&quot;yes&quot;,&quot;effect&quot;:&quot;slide&quot;,&quot;speed&quot;:500}\" data-widget_type=\"image-carousel.default\">\n\t\t\t\t<div class=\"elementor-widget-container\">\n\t\t\t\t\t\t\t<div class=\"elementor-image-carousel-wrapper swiper\" role=\"region\" aria-roledescription=\"carousel\" aria-label=\"Carrusel de im\u00e1genes\" dir=\"ltr\">\n\t\t\t<div class=\"elementor-image-carousel swiper-wrapper\" aria-live=\"off\">\n\t\t\t\t\t\t\t\t<div class=\"swiper-slide\" role=\"group\" aria-roledescription=\"slide\" aria-label=\"1 de 3\"><figure class=\"swiper-slide-inner\"><img decoding=\"async\" class=\"swiper-slide-image\" src=\"https:\/\/anadonvet.com\/wp-content\/uploads\/2025\/10\/19-IMG_2512-scaled.jpg\" alt=\"19-IMG_2512\" \/><\/figure><\/div><div class=\"swiper-slide\" role=\"group\" aria-roledescription=\"slide\" aria-label=\"2 de 3\"><figure class=\"swiper-slide-inner\"><img decoding=\"async\" class=\"swiper-slide-image\" src=\"https:\/\/anadonvet.com\/wp-content\/uploads\/2025\/10\/18-IMG_2511-scaled.jpg\" alt=\"18-IMG_2511\" \/><\/figure><\/div><div class=\"swiper-slide\" role=\"group\" aria-roledescription=\"slide\" aria-label=\"3 de 3\"><figure class=\"swiper-slide-inner\"><img decoding=\"async\" class=\"swiper-slide-image\" src=\"https:\/\/anadonvet.com\/wp-content\/uploads\/2025\/10\/17-IMG_2509-scaled.jpg\" alt=\"17-IMG_2509\" \/><\/figure><\/div>\t\t\t<\/div>\n\t\t\t\t\t\t\t\t\t\t\t\t<div class=\"elementor-swiper-button elementor-swiper-button-prev\" role=\"button\" tabindex=\"0\">\n\t\t\t\t\t\t<svg aria-hidden=\"true\" class=\"e-font-icon-svg e-eicon-chevron-left\" viewbox=\"0 0 1000 1000\" xmlns=\"http:\/\/www.w3.org\/2000\/svg\"><path d=\"M646 125C629 125 613 133 604 142L308 442C296 454 292 471 292 487 292 504 296 521 308 533L604 854C617 867 629 875 646 875 663 875 679 871 692 858 704 846 713 829 713 812 713 796 708 779 692 767L438 487 692 225C700 217 708 204 708 187 708 171 704 154 692 142 675 129 663 125 646 125Z\"><\/path><\/svg>\t\t\t\t\t<\/div>\n\t\t\t\t\t<div class=\"elementor-swiper-button elementor-swiper-button-next\" role=\"button\" tabindex=\"0\">\n\t\t\t\t\t\t<svg aria-hidden=\"true\" class=\"e-font-icon-svg e-eicon-chevron-right\" viewbox=\"0 0 1000 1000\" xmlns=\"http:\/\/www.w3.org\/2000\/svg\"><path d=\"M696 533C708 521 713 504 713 487 713 471 708 454 696 446L400 146C388 133 375 125 354 125 338 125 325 129 313 142 300 154 292 171 292 187 292 204 296 221 308 233L563 492 304 771C292 783 288 800 288 817 288 833 296 850 308 863 321 871 338 875 354 875 371 875 388 867 400 854L696 533Z\"><\/path><\/svg>\t\t\t\t\t<\/div>\n\t\t\t\t\n\t\t\t\t\t\t\t\t\t<div class=\"swiper-pagination\"><\/div>\n\t\t\t\t\t\t\t\t\t<\/div>\n\t\t\t\t\t\t<\/div>\n\t\t\t\t<\/div>\n\t\t\t\t\t<\/div>\n\t\t\t\t<\/div>\n\t\t\t\t<\/div>","protected":false},"excerpt":{"rendered":"<p>Autolavado En nuestra zona de autolavado, podr\u00e1s ba\u00f1ar a tu mascota con total comodidad y autonom\u00eda. Contamos con un espacio totalmente equipado con productos de alta calidad y acceso a todos los elementos necesarios para que tu mascota disfrute de un ba\u00f1o relajante (toallas, cepillos y cardas, secador, limpiador auricular, champ\u00fas y acondicionadores, colonias\u2026). La [&hellip;]<\/p>\n","protected":false},"author":1,"featured_media":0,"parent":0,"menu_order":0,"comment_status":"closed","ping_status":"closed","template":"elementor_header_footer","meta":{"footnotes":""},"class_list":["post-174","page","type-page","status-publish","hentry"],"yoast_head":"<!-- This site is optimized with the Yoast SEO plugin v27.4 - https:\/\/yoast.com\/product\/yoast-seo-wordpress\/ -->\n<title>Autolavado &#062; Anadon Veterinaris Lleida<\/title>\n<meta name=\"robots\" content=\"index, follow, max-snippet:-1, max-image-preview:large, max-video-preview:-1\" \/>\n<link rel=\"canonical\" href=\"https:\/\/anadonvet.com\/ca\/autolavado\/\" \/>\n<meta property=\"og:locale\" content=\"ca_ES\" \/>\n<meta property=\"og:type\" content=\"article\" \/>\n<meta property=\"og:title\" content=\"Autolavado &#062; Anadon Veterinaris Lleida\" \/>\n<meta property=\"og:description\" content=\"Autolavado En nuestra zona de autolavado, podr\u00e1s ba\u00f1ar a tu mascota con total comodidad y autonom\u00eda. Contamos con un espacio totalmente equipado con productos de alta calidad y acceso a todos los elementos necesarios para que tu mascota disfrute de un ba\u00f1o relajante (toallas, cepillos y cardas, secador, limpiador auricular, champ\u00fas y acondicionadores, colonias\u2026). La [&hellip;]\" \/>\n<meta property=\"og:url\" content=\"https:\/\/anadonvet.com\/ca\/autolavado\/\" \/>\n<meta property=\"og:site_name\" content=\"Anadon Veterinaris Lleida\" \/>\n<meta property=\"article:publisher\" content=\"https:\/\/www.facebook.com\/anadon.veterinarios\/\" \/>\n<meta property=\"article:modified_time\" content=\"2025-10-21T07:43:16+00:00\" \/>\n<meta property=\"og:image\" content=\"https:\/\/anadonvet.com\/wp-content\/uploads\/2025\/10\/19-IMG_2512-scaled.jpg\" \/>\n<meta name=\"twitter:card\" content=\"summary_large_image\" \/>\n<meta name=\"twitter:label1\" content=\"Temps estimat de lectura\" \/>\n\t<meta name=\"twitter:data1\" content=\"2 minuts\" \/>\n<script type=\"application\/ld+json\" class=\"yoast-schema-graph\">{\"@context\":\"https:\\\/\\\/schema.org\",\"@graph\":[{\"@type\":\"WebPage\",\"@id\":\"https:\\\/\\\/anadonvet.com\\\/autolavado\\\/\",\"url\":\"https:\\\/\\\/anadonvet.com\\\/autolavado\\\/\",\"name\":\"Autolavado &#062; Anadon Veterinaris Lleida\",\"isPartOf\":{\"@id\":\"https:\\\/\\\/anadonvet.com\\\/#website\"},\"primaryImageOfPage\":{\"@id\":\"https:\\\/\\\/anadonvet.com\\\/autolavado\\\/#primaryimage\"},\"image\":{\"@id\":\"https:\\\/\\\/anadonvet.com\\\/autolavado\\\/#primaryimage\"},\"thumbnailUrl\":\"https:\\\/\\\/anadonvet.com\\\/wp-content\\\/uploads\\\/2025\\\/10\\\/19-IMG_2512-scaled.jpg\",\"datePublished\":\"2025-06-05T19:51:24+00:00\",\"dateModified\":\"2025-10-21T07:43:16+00:00\",\"breadcrumb\":{\"@id\":\"https:\\\/\\\/anadonvet.com\\\/autolavado\\\/#breadcrumb\"},\"inLanguage\":\"ca\",\"potentialAction\":[{\"@type\":\"ReadAction\",\"target\":[\"https:\\\/\\\/anadonvet.com\\\/autolavado\\\/\"]}]},{\"@type\":\"ImageObject\",\"inLanguage\":\"ca\",\"@id\":\"https:\\\/\\\/anadonvet.com\\\/autolavado\\\/#primaryimage\",\"url\":\"https:\\\/\\\/anadonvet.com\\\/wp-content\\\/uploads\\\/2025\\\/10\\\/19-IMG_2512-scaled.jpg\",\"contentUrl\":\"https:\\\/\\\/anadonvet.com\\\/wp-content\\\/uploads\\\/2025\\\/10\\\/19-IMG_2512-scaled.jpg\"},{\"@type\":\"BreadcrumbList\",\"@id\":\"https:\\\/\\\/anadonvet.com\\\/autolavado\\\/#breadcrumb\",\"itemListElement\":[{\"@type\":\"ListItem\",\"position\":1,\"name\":\"Portada\",\"item\":\"https:\\\/\\\/anadonvet.com\\\/\"},{\"@type\":\"ListItem\",\"position\":2,\"name\":\"Autolavado\"}]},{\"@type\":\"WebSite\",\"@id\":\"https:\\\/\\\/anadonvet.com\\\/#website\",\"url\":\"https:\\\/\\\/anadonvet.com\\\/\",\"name\":\"Anadon Veterinaris Lleida\",\"description\":\"Cl\u00ednica Anadon Veterinaris, amb m\u00e9s de 60 anys de experi\u00e8ncia.\",\"publisher\":{\"@id\":\"https:\\\/\\\/anadonvet.com\\\/#organization\"},\"alternateName\":\"Cl\u00ednica Anadon Veterinaris Lleida\",\"potentialAction\":[{\"@type\":\"SearchAction\",\"target\":{\"@type\":\"EntryPoint\",\"urlTemplate\":\"https:\\\/\\\/anadonvet.com\\\/?s={search_term_string}\"},\"query-input\":{\"@type\":\"PropertyValueSpecification\",\"valueRequired\":true,\"valueName\":\"search_term_string\"}}],\"inLanguage\":\"ca\"},{\"@type\":\"Organization\",\"@id\":\"https:\\\/\\\/anadonvet.com\\\/#organization\",\"name\":\"Anadon Veterinaris Lleida\",\"url\":\"https:\\\/\\\/anadonvet.com\\\/\",\"logo\":{\"@type\":\"ImageObject\",\"inLanguage\":\"ca\",\"@id\":\"https:\\\/\\\/anadonvet.com\\\/#\\\/schema\\\/logo\\\/image\\\/\",\"url\":\"https:\\\/\\\/anadonvet.com\\\/wp-content\\\/uploads\\\/2025\\\/10\\\/482316904_23894823563441355_6632827861168593697_n.jpg\",\"contentUrl\":\"https:\\\/\\\/anadonvet.com\\\/wp-content\\\/uploads\\\/2025\\\/10\\\/482316904_23894823563441355_6632827861168593697_n.jpg\",\"width\":487,\"height\":487,\"caption\":\"Anadon Veterinaris Lleida\"},\"image\":{\"@id\":\"https:\\\/\\\/anadonvet.com\\\/#\\\/schema\\\/logo\\\/image\\\/\"},\"sameAs\":[\"https:\\\/\\\/www.facebook.com\\\/anadon.veterinarios\\\/\",\"https:\\\/\\\/www.instagram.com\\\/anadon.veterinarios\\\/\"]}]}<\/script>\n<!-- \/ Yoast SEO plugin. -->","yoast_head_json":{"title":"Autolavado &#062; Anadon Veterinaris Lleida","robots":{"index":"index","follow":"follow","max-snippet":"max-snippet:-1","max-image-preview":"max-image-preview:large","max-video-preview":"max-video-preview:-1"},"canonical":"https:\/\/anadonvet.com\/ca\/autolavado\/","og_locale":"ca_ES","og_type":"article","og_title":"Autolavado &#062; Anadon Veterinaris Lleida","og_description":"Autolavado En nuestra zona de autolavado, podr\u00e1s ba\u00f1ar a tu mascota con total comodidad y autonom\u00eda. Contamos con un espacio totalmente equipado con productos de alta calidad y acceso a todos los elementos necesarios para que tu mascota disfrute de un ba\u00f1o relajante (toallas, cepillos y cardas, secador, limpiador auricular, champ\u00fas y acondicionadores, colonias\u2026). La [&hellip;]","og_url":"https:\/\/anadonvet.com\/ca\/autolavado\/","og_site_name":"Anadon Veterinaris Lleida","article_publisher":"https:\/\/www.facebook.com\/anadon.veterinarios\/","article_modified_time":"2025-10-21T07:43:16+00:00","og_image":[{"url":"https:\/\/anadonvet.com\/wp-content\/uploads\/2025\/10\/19-IMG_2512-scaled.jpg","type":"","width":"","height":""}],"twitter_card":"summary_large_image","twitter_misc":{"Temps estimat de lectura":"2 minuts"},"schema":{"@context":"https:\/\/schema.org","@graph":[{"@type":"WebPage","@id":"https:\/\/anadonvet.com\/autolavado\/","url":"https:\/\/anadonvet.com\/autolavado\/","name":"Autolavado &#062; Anadon Veterinaris Lleida","isPartOf":{"@id":"https:\/\/anadonvet.com\/#website"},"primaryImageOfPage":{"@id":"https:\/\/anadonvet.com\/autolavado\/#primaryimage"},"image":{"@id":"https:\/\/anadonvet.com\/autolavado\/#primaryimage"},"thumbnailUrl":"https:\/\/anadonvet.com\/wp-content\/uploads\/2025\/10\/19-IMG_2512-scaled.jpg","datePublished":"2025-06-05T19:51:24+00:00","dateModified":"2025-10-21T07:43:16+00:00","breadcrumb":{"@id":"https:\/\/anadonvet.com\/autolavado\/#breadcrumb"},"inLanguage":"ca","potentialAction":[{"@type":"ReadAction","target":["https:\/\/anadonvet.com\/autolavado\/"]}]},{"@type":"ImageObject","inLanguage":"ca","@id":"https:\/\/anadonvet.com\/autolavado\/#primaryimage","url":"https:\/\/anadonvet.com\/wp-content\/uploads\/2025\/10\/19-IMG_2512-scaled.jpg","contentUrl":"https:\/\/anadonvet.com\/wp-content\/uploads\/2025\/10\/19-IMG_2512-scaled.jpg"},{"@type":"BreadcrumbList","@id":"https:\/\/anadonvet.com\/autolavado\/#breadcrumb","itemListElement":[{"@type":"ListItem","position":1,"name":"Portada","item":"https:\/\/anadonvet.com\/"},{"@type":"ListItem","position":2,"name":"Autolavado"}]},{"@type":"WebSite","@id":"https:\/\/anadonvet.com\/#website","url":"https:\/\/anadonvet.com\/","name":"Anadon Veterinaris Lleida","description":"Cl\u00ednica Anadon Veterinaris, amb m\u00e9s de 60 anys de experi\u00e8ncia.","publisher":{"@id":"https:\/\/anadonvet.com\/#organization"},"alternateName":"Cl\u00ednica Anadon Veterinaris Lleida","potentialAction":[{"@type":"SearchAction","target":{"@type":"EntryPoint","urlTemplate":"https:\/\/anadonvet.com\/?s={search_term_string}"},"query-input":{"@type":"PropertyValueSpecification","valueRequired":true,"valueName":"search_term_string"}}],"inLanguage":"ca"},{"@type":"Organization","@id":"https:\/\/anadonvet.com\/#organization","name":"Anadon Veterinaris Lleida","url":"https:\/\/anadonvet.com\/","logo":{"@type":"ImageObject","inLanguage":"ca","@id":"https:\/\/anadonvet.com\/#\/schema\/logo\/image\/","url":"https:\/\/anadonvet.com\/wp-content\/uploads\/2025\/10\/482316904_23894823563441355_6632827861168593697_n.jpg","contentUrl":"https:\/\/anadonvet.com\/wp-content\/uploads\/2025\/10\/482316904_23894823563441355_6632827861168593697_n.jpg","width":487,"height":487,"caption":"Anadon Veterinaris Lleida"},"image":{"@id":"https:\/\/anadonvet.com\/#\/schema\/logo\/image\/"},"sameAs":["https:\/\/www.facebook.com\/anadon.veterinarios\/","https:\/\/www.instagram.com\/anadon.veterinarios\/"]}]}},"_links":{"self":[{"href":"https:\/\/anadonvet.com\/ca\/wp-json\/wp\/v2\/pages\/174","targetHints":{"allow":["GET"]}}],"collection":[{"href":"https:\/\/anadonvet.com\/ca\/wp-json\/wp\/v2\/pages"}],"about":[{"href":"https:\/\/anadonvet.com\/ca\/wp-json\/wp\/v2\/types\/page"}],"author":[{"embeddable":true,"href":"https:\/\/anadonvet.com\/ca\/wp-json\/wp\/v2\/users\/1"}],"replies":[{"embeddable":true,"href":"https:\/\/anadonvet.com\/ca\/wp-json\/wp\/v2\/comments?post=174"}],"version-history":[{"count":21,"href":"https:\/\/anadonvet.com\/ca\/wp-json\/wp\/v2\/pages\/174\/revisions"}],"predecessor-version":[{"id":717,"href":"https:\/\/anadonvet.com\/ca\/wp-json\/wp\/v2\/pages\/174\/revisions\/717"}],"wp:attachment":[{"href":"https:\/\/anadonvet.com\/ca\/wp-json\/wp\/v2\/media?parent=174"}],"curies":[{"name":"wp","href":"https:\/\/api.w.org\/{rel}","templated":true}]}}