{"id":166,"date":"2025-06-05T19:50:47","date_gmt":"2025-06-05T19:50:47","guid":{"rendered":"https:\/\/anadon.cocoagencyteam.es\/?page_id=166"},"modified":"2025-10-16T16:10:05","modified_gmt":"2025-10-16T16:10:05","slug":"peluqueria","status":"publish","type":"page","link":"https:\/\/anadonvet.com\/ca\/peluqueria\/","title":{"rendered":"Perruqueria"},"content":{"rendered":"<div data-elementor-type=\"wp-page\" data-elementor-id=\"166\" class=\"elementor elementor-166\" data-elementor-post-type=\"page\">\n\t\t\t\t<div class=\"elementor-element elementor-element-b238d0e e-flex e-con-boxed e-con e-parent\" data-id=\"b238d0e\" data-element_type=\"container\" data-e-type=\"container\">\n\t\t\t\t\t<div class=\"e-con-inner\">\n\t\t<div class=\"elementor-element elementor-element-204a6e58 e-con-full e-flex e-con e-child\" data-id=\"204a6e58\" data-element_type=\"container\" data-e-type=\"container\">\n\t\t\t\t<div class=\"elementor-element elementor-element-1e14764f elementor-widget elementor-widget-heading\" data-id=\"1e14764f\" data-element_type=\"widget\" data-e-type=\"widget\" data-widget_type=\"heading.default\">\n\t\t\t\t<div class=\"elementor-widget-container\">\n\t\t\t\t\t<h1 class=\"elementor-heading-title elementor-size-default\">Perruqueria<\/h1>\t\t\t\t<\/div>\n\t\t\t\t<\/div>\n\t\t\t\t<div class=\"elementor-element elementor-element-b06be76 elementor-widget elementor-widget-text-editor\" data-id=\"b06be76\" data-element_type=\"widget\" data-e-type=\"widget\" data-widget_type=\"text-editor.default\">\n\t\t\t\t<div class=\"elementor-widget-container\">\n\t\t\t\t\t\t\t\t\t<p>El nostre servei de perruqueria est\u00e0 a c\u00e0rrec de Yolanda Romero S\u00e1nchez, la nostra especialista en est\u00e8tica i cuidat animal. Yolanda compta amb una \u00e0mplia experi\u00e8ncia i formaci\u00f3, i s'encarrega de cada sessi\u00f3 amb molt d'amor i afecte.<\/p><p>Oferim una perruqueria professional adaptada a les necessitats espec\u00edfiques de cada ra\u00e7a i tipus de pelatge. Realitzem qualsevol tipus de tall, incloent stripping i tall a tisora, sempre amb delicadesa i atenci\u00f3 al detall. Ja sigui que la teva mascota necessiti un tall est\u00e8tic o un tractament m\u00e9s espec\u00edfic d'higiene, Yolanda s'assegura que el proc\u00e9s sigui el m\u00e9s c\u00f2mode i relaxant possible per al teu animal.<\/p>\t\t\t\t\t\t\t\t<\/div>\n\t\t\t\t<\/div>\n\t\t\t\t<\/div>\n\t\t<div class=\"elementor-element elementor-element-2e847ab1 e-con-full e-flex e-con e-child\" data-id=\"2e847ab1\" data-element_type=\"container\" data-e-type=\"container\" data-settings=\"{&quot;background_background&quot;:&quot;classic&quot;}\">\n\t\t\t\t<\/div>\n\t\t\t\t\t<\/div>\n\t\t\t\t<\/div>\n\t\t<div class=\"elementor-element elementor-element-a338d2b e-flex e-con-boxed e-con e-parent\" data-id=\"a338d2b\" data-element_type=\"container\" data-e-type=\"container\">\n\t\t\t\t\t<div class=\"e-con-inner\">\n\t\t<div class=\"elementor-element elementor-element-faeb09c e-grid e-con-full e-con e-child\" data-id=\"faeb09c\" data-element_type=\"container\" data-e-type=\"container\">\n\t\t<div class=\"elementor-element elementor-element-8c4079a e-con-full e-flex e-con e-child\" data-id=\"8c4079a\" data-element_type=\"container\" data-e-type=\"container\" data-settings=\"{&quot;background_background&quot;:&quot;classic&quot;}\">\n\t\t\t\t<div class=\"elementor-element elementor-element-0a5f50f elementor-view-default elementor-widget elementor-widget-icon\" data-id=\"0a5f50f\" data-element_type=\"widget\" data-e-type=\"widget\" data-widget_type=\"icon.default\">\n\t\t\t\t<div class=\"elementor-widget-container\">\n\t\t\t\t\t\t\t<div class=\"elementor-icon-wrapper\">\n\t\t\t<div class=\"elementor-icon\">\n\t\t\t<svg xmlns=\"http:\/\/www.w3.org\/2000\/svg\" width=\"256\" height=\"256\" viewbox=\"0 0 48 48\" fill=\"#FF3131\"><path fill=\"#FF3131\" d=\"m34.5 6l-2.167 7.69L28 15.953l4.333 2.262L34.5 25l2.167-6.786L41 15.952l-4.333-2.261L34.5 6ZM20 12l-1 4l-3 1l3 1l1 4l1-4l3-1l-3-1l-1-4ZM6 30a1 1 0 0 1 1-1h3a1 1 0 0 1 1 1v10.996a1 1 0 0 1-1 1H7a1 1 0 0 1-1-1V30.001Zm11.705-.811c.932-.425 3.21 0 3.21 0l6.626 1.486s1.657.531 3.21.531s.624 2.126-.415 2.868c-1.038.742-1.794.702-1.794.702l-5.35-.065s4.66.85 6.42.956c.891.054 2.42-.574 4.13-1.275c1.665-.684 3.5-1.437 5.084-1.699c3.21-.53 3.728 2.337 2.692 3.399c-1.035 1.062-9.318 5.097-10.767 5.628c-1.136.416-2.509.278-4.058.122c-.429-.043-.872-.088-1.326-.122c-1.81-.137-3.192-.577-4.56-1.012c-1.468-.466-2.919-.927-4.862-1.006c-.652-.026-2.178.055-2.945.1V30.94c1.326-.472 4.011-1.436 4.705-1.752Z\"><\/path><\/svg>\t\t\t<\/div>\n\t\t<\/div>\n\t\t\t\t\t\t<\/div>\n\t\t\t\t<\/div>\n\t\t\t\t<div class=\"elementor-element elementor-element-abf8c25 elementor-widget elementor-widget-heading\" data-id=\"abf8c25\" data-element_type=\"widget\" data-e-type=\"widget\" data-widget_type=\"heading.default\">\n\t\t\t\t<div class=\"elementor-widget-container\">\n\t\t\t\t\t<h5 class=\"elementor-heading-title elementor-size-default\">Instal\u00b7lacions higi\u00e8niques, c\u00f2modes i ben equipades.\n<\/h5>\t\t\t\t<\/div>\n\t\t\t\t<\/div>\n\t\t\t\t<\/div>\n\t\t<div class=\"elementor-element elementor-element-3e853f3 e-con-full e-flex e-con e-child\" data-id=\"3e853f3\" data-element_type=\"container\" data-e-type=\"container\" data-settings=\"{&quot;background_background&quot;:&quot;classic&quot;}\">\n\t\t\t\t<div class=\"elementor-element elementor-element-a24fb06 elementor-view-default elementor-widget elementor-widget-icon\" data-id=\"a24fb06\" data-element_type=\"widget\" data-e-type=\"widget\" data-widget_type=\"icon.default\">\n\t\t\t\t<div class=\"elementor-widget-container\">\n\t\t\t\t\t\t\t<div class=\"elementor-icon-wrapper\">\n\t\t\t<div class=\"elementor-icon\">\n\t\t\t<svg xmlns=\"http:\/\/www.w3.org\/2000\/svg\" width=\"256\" height=\"256\" viewbox=\"0 0 14 14\" fill=\"#FF3131\"><g fill=\"none\" stroke=\"#FF3131\" stroke-linecap=\"round\" stroke-linejoin=\"round\"><path d=\"M.75 11.018v-7.59l1.254 1.004c.633.506 1.42.782 2.23.782H7L8.292 2.63a1.786 1.786 0 0 1 1.597-.987h.682v2.232l2.679.893v.893c0 .986-.8 1.785-1.786 1.785H9.68v3.572a1.34 1.34 0 1 1-2.679 0v-.447c0-.493-.4-.892-.893-.892H4.321c-.493 0-.892.4-.892.892v.447a1.34 1.34 0 1 1-2.679 0\"><\/path><path d=\"M7.012 5.097c.175.717 1 2.195 2.895 2.375\"><\/path><\/g><\/svg>\t\t\t<\/div>\n\t\t<\/div>\n\t\t\t\t\t\t<\/div>\n\t\t\t\t<\/div>\n\t\t\t\t<div class=\"elementor-element elementor-element-c163cab elementor-widget elementor-widget-heading\" data-id=\"c163cab\" data-element_type=\"widget\" data-e-type=\"widget\" data-widget_type=\"heading.default\">\n\t\t\t\t<div class=\"elementor-widget-container\">\n\t\t\t\t\t<h5 class=\"elementor-heading-title elementor-size-default\">Trato cuidadoso, ideal para animales sensibles.\n<\/h5>\t\t\t\t<\/div>\n\t\t\t\t<\/div>\n\t\t\t\t<\/div>\n\t\t<div class=\"elementor-element elementor-element-165ce2e e-con-full e-flex e-con e-child\" data-id=\"165ce2e\" data-element_type=\"container\" data-e-type=\"container\" data-settings=\"{&quot;background_background&quot;:&quot;classic&quot;}\">\n\t\t\t\t<div class=\"elementor-element elementor-element-7375cf4 elementor-view-default elementor-widget elementor-widget-icon\" data-id=\"7375cf4\" data-element_type=\"widget\" data-e-type=\"widget\" data-widget_type=\"icon.default\">\n\t\t\t\t<div class=\"elementor-widget-container\">\n\t\t\t\t\t\t\t<div class=\"elementor-icon-wrapper\">\n\t\t\t<div class=\"elementor-icon\">\n\t\t\t<svg xmlns=\"http:\/\/www.w3.org\/2000\/svg\" width=\"256\" height=\"256\" viewbox=\"0 0 24 24\" fill=\"#FF3131\"><path fill=\"#FF3131\" d=\"M4.5 12.125q-1.05 0-1.775-.725T2 9.625q0-1.05.725-1.775T4.5 7.125q1.05 0 1.775.725T7 9.625q0 1.05-.725 1.775t-1.775.725Zm4.5-4q-1.05 0-1.775-.725T6.5 5.625q0-1.05.725-1.775T9 3.125q1.05 0 1.775.725t.725 1.775q0 1.05-.725 1.775T9 8.125Zm6 0q-1.05 0-1.775-.725T12.5 5.625q0-1.05.725-1.775T15 3.125q1.05 0 1.775.725t.725 1.775q0 1.05-.725 1.775T15 8.125Zm4.5 4q-1.05 0-1.775-.725T17 9.625q0-1.05.725-1.775t1.775-.725q1.05 0 1.775.725T22 9.625q0 1.05-.725 1.775t-1.775.725Zm-12.85 10q-1.125 0-1.888-.863T4 19.226q0-1.3.888-2.275t1.762-1.925q.725-.775 1.25-1.687t1.25-1.713q.55-.65 1.275-1.075T12 10.125q.85 0 1.575.4t1.275 1.05q.7.8 1.238 1.725t1.262 1.725q.875.95 1.762 1.925T20 19.225q0 1.175-.763 2.038t-1.887.862q-1.35 0-2.675-.225T12 21.675q-1.35 0-2.675.225t-2.675.225Z\"><\/path><\/svg>\t\t\t<\/div>\n\t\t<\/div>\n\t\t\t\t\t\t<\/div>\n\t\t\t\t<\/div>\n\t\t\t\t<div class=\"elementor-element elementor-element-cd3bc95 elementor-widget elementor-widget-heading\" data-id=\"cd3bc95\" data-element_type=\"widget\" data-e-type=\"widget\" data-widget_type=\"heading.default\">\n\t\t\t\t<div class=\"elementor-widget-container\">\n\t\t\t\t\t<h5 class=\"elementor-heading-title elementor-size-default\">Perruqueria est\u00e8tica i sanit\u00e0ria adaptada a cada ra\u00e7a i necessitat.\n<\/h5>\t\t\t\t<\/div>\n\t\t\t\t<\/div>\n\t\t\t\t<\/div>\n\t\t\t\t<\/div>\n\t\t\t\t\t<\/div>\n\t\t\t\t<\/div>\n\t\t\t\t<\/div>","protected":false},"excerpt":{"rendered":"<p>Peluquer\u00eda Nuestro servicio de peluquer\u00eda est\u00e1 a cargo de Yolanda Romero S\u00e1nchez, nuestra especialista en est\u00e9tica y cuidado animal. Yolanda cuenta con una amplia experiencia y formaci\u00f3n, y se encarga de cada sesi\u00f3n con mucho amor y cari\u00f1o. Ofrecemos una peluquer\u00eda profesional adaptada a las necesidades espec\u00edficas de cada raza y tipo de pelaje. Realizamos [&hellip;]<\/p>\n","protected":false},"author":1,"featured_media":0,"parent":0,"menu_order":0,"comment_status":"closed","ping_status":"closed","template":"elementor_header_footer","meta":{"footnotes":""},"class_list":["post-166","page","type-page","status-publish","hentry"],"yoast_head":"<!-- This site is optimized with the Yoast SEO plugin v27.4 - https:\/\/yoast.com\/product\/yoast-seo-wordpress\/ -->\n<title>Peluquer\u00eda &#062; Anadon Veterinaris Lleida<\/title>\n<meta name=\"robots\" content=\"index, follow, max-snippet:-1, max-image-preview:large, max-video-preview:-1\" \/>\n<link rel=\"canonical\" href=\"https:\/\/anadonvet.com\/ca\/peluqueria\/\" \/>\n<meta property=\"og:locale\" content=\"ca_ES\" \/>\n<meta property=\"og:type\" content=\"article\" \/>\n<meta property=\"og:title\" content=\"Peluquer\u00eda &#062; Anadon Veterinaris Lleida\" \/>\n<meta property=\"og:description\" content=\"Peluquer\u00eda Nuestro servicio de peluquer\u00eda est\u00e1 a cargo de Yolanda Romero S\u00e1nchez, nuestra especialista en est\u00e9tica y cuidado animal. Yolanda cuenta con una amplia experiencia y formaci\u00f3n, y se encarga de cada sesi\u00f3n con mucho amor y cari\u00f1o. Ofrecemos una peluquer\u00eda profesional adaptada a las necesidades espec\u00edficas de cada raza y tipo de pelaje. Realizamos [&hellip;]\" \/>\n<meta property=\"og:url\" content=\"https:\/\/anadonvet.com\/ca\/peluqueria\/\" \/>\n<meta property=\"og:site_name\" content=\"Anadon Veterinaris Lleida\" \/>\n<meta property=\"article:publisher\" content=\"https:\/\/www.facebook.com\/anadon.veterinarios\/\" \/>\n<meta property=\"article:modified_time\" content=\"2025-10-16T16:10:05+00:00\" \/>\n<meta property=\"og:image\" content=\"https:\/\/anadonvet.com\/wp-content\/uploads\/2025\/10\/21-IMG_2516-scaled.jpg\" \/>\n\t<meta property=\"og:image:width\" content=\"2560\" \/>\n\t<meta property=\"og:image:height\" content=\"1440\" \/>\n\t<meta property=\"og:image:type\" content=\"image\/jpeg\" \/>\n<meta name=\"twitter:card\" content=\"summary_large_image\" \/>\n<meta name=\"twitter:label1\" content=\"Temps estimat de lectura\" \/>\n\t<meta name=\"twitter:data1\" content=\"1 minut\" \/>\n<script type=\"application\/ld+json\" class=\"yoast-schema-graph\">{\"@context\":\"https:\\\/\\\/schema.org\",\"@graph\":[{\"@type\":\"WebPage\",\"@id\":\"https:\\\/\\\/anadonvet.com\\\/peluqueria\\\/\",\"url\":\"https:\\\/\\\/anadonvet.com\\\/peluqueria\\\/\",\"name\":\"Peluquer\u00eda &#062; Anadon Veterinaris Lleida\",\"isPartOf\":{\"@id\":\"https:\\\/\\\/anadonvet.com\\\/#website\"},\"datePublished\":\"2025-06-05T19:50:47+00:00\",\"dateModified\":\"2025-10-16T16:10:05+00:00\",\"breadcrumb\":{\"@id\":\"https:\\\/\\\/anadonvet.com\\\/peluqueria\\\/#breadcrumb\"},\"inLanguage\":\"ca\",\"potentialAction\":[{\"@type\":\"ReadAction\",\"target\":[\"https:\\\/\\\/anadonvet.com\\\/peluqueria\\\/\"]}]},{\"@type\":\"BreadcrumbList\",\"@id\":\"https:\\\/\\\/anadonvet.com\\\/peluqueria\\\/#breadcrumb\",\"itemListElement\":[{\"@type\":\"ListItem\",\"position\":1,\"name\":\"Portada\",\"item\":\"https:\\\/\\\/anadonvet.com\\\/\"},{\"@type\":\"ListItem\",\"position\":2,\"name\":\"Peluquer\u00eda\"}]},{\"@type\":\"WebSite\",\"@id\":\"https:\\\/\\\/anadonvet.com\\\/#website\",\"url\":\"https:\\\/\\\/anadonvet.com\\\/\",\"name\":\"Anadon Veterinaris Lleida\",\"description\":\"Cl\u00ednica Anadon Veterinaris, amb m\u00e9s de 60 anys de experi\u00e8ncia.\",\"publisher\":{\"@id\":\"https:\\\/\\\/anadonvet.com\\\/#organization\"},\"alternateName\":\"Cl\u00ednica Anadon Veterinaris Lleida\",\"potentialAction\":[{\"@type\":\"SearchAction\",\"target\":{\"@type\":\"EntryPoint\",\"urlTemplate\":\"https:\\\/\\\/anadonvet.com\\\/?s={search_term_string}\"},\"query-input\":{\"@type\":\"PropertyValueSpecification\",\"valueRequired\":true,\"valueName\":\"search_term_string\"}}],\"inLanguage\":\"ca\"},{\"@type\":\"Organization\",\"@id\":\"https:\\\/\\\/anadonvet.com\\\/#organization\",\"name\":\"Anadon Veterinaris Lleida\",\"url\":\"https:\\\/\\\/anadonvet.com\\\/\",\"logo\":{\"@type\":\"ImageObject\",\"inLanguage\":\"ca\",\"@id\":\"https:\\\/\\\/anadonvet.com\\\/#\\\/schema\\\/logo\\\/image\\\/\",\"url\":\"https:\\\/\\\/anadonvet.com\\\/wp-content\\\/uploads\\\/2025\\\/10\\\/482316904_23894823563441355_6632827861168593697_n.jpg\",\"contentUrl\":\"https:\\\/\\\/anadonvet.com\\\/wp-content\\\/uploads\\\/2025\\\/10\\\/482316904_23894823563441355_6632827861168593697_n.jpg\",\"width\":487,\"height\":487,\"caption\":\"Anadon Veterinaris Lleida\"},\"image\":{\"@id\":\"https:\\\/\\\/anadonvet.com\\\/#\\\/schema\\\/logo\\\/image\\\/\"},\"sameAs\":[\"https:\\\/\\\/www.facebook.com\\\/anadon.veterinarios\\\/\",\"https:\\\/\\\/www.instagram.com\\\/anadon.veterinarios\\\/\"]}]}<\/script>\n<!-- \/ Yoast SEO plugin. -->","yoast_head_json":{"title":"Peluquer\u00eda &#062; Anadon Veterinaris Lleida","robots":{"index":"index","follow":"follow","max-snippet":"max-snippet:-1","max-image-preview":"max-image-preview:large","max-video-preview":"max-video-preview:-1"},"canonical":"https:\/\/anadonvet.com\/ca\/peluqueria\/","og_locale":"ca_ES","og_type":"article","og_title":"Peluquer\u00eda &#062; Anadon Veterinaris Lleida","og_description":"Peluquer\u00eda Nuestro servicio de peluquer\u00eda est\u00e1 a cargo de Yolanda Romero S\u00e1nchez, nuestra especialista en est\u00e9tica y cuidado animal. Yolanda cuenta con una amplia experiencia y formaci\u00f3n, y se encarga de cada sesi\u00f3n con mucho amor y cari\u00f1o. Ofrecemos una peluquer\u00eda profesional adaptada a las necesidades espec\u00edficas de cada raza y tipo de pelaje. Realizamos [&hellip;]","og_url":"https:\/\/anadonvet.com\/ca\/peluqueria\/","og_site_name":"Anadon Veterinaris Lleida","article_publisher":"https:\/\/www.facebook.com\/anadon.veterinarios\/","article_modified_time":"2025-10-16T16:10:05+00:00","og_image":[{"width":2560,"height":1440,"url":"https:\/\/anadonvet.com\/wp-content\/uploads\/2025\/10\/21-IMG_2516-scaled.jpg","type":"image\/jpeg"}],"twitter_card":"summary_large_image","twitter_misc":{"Temps estimat de lectura":"1 minut"},"schema":{"@context":"https:\/\/schema.org","@graph":[{"@type":"WebPage","@id":"https:\/\/anadonvet.com\/peluqueria\/","url":"https:\/\/anadonvet.com\/peluqueria\/","name":"Peluquer\u00eda &#062; Anadon Veterinaris Lleida","isPartOf":{"@id":"https:\/\/anadonvet.com\/#website"},"datePublished":"2025-06-05T19:50:47+00:00","dateModified":"2025-10-16T16:10:05+00:00","breadcrumb":{"@id":"https:\/\/anadonvet.com\/peluqueria\/#breadcrumb"},"inLanguage":"ca","potentialAction":[{"@type":"ReadAction","target":["https:\/\/anadonvet.com\/peluqueria\/"]}]},{"@type":"BreadcrumbList","@id":"https:\/\/anadonvet.com\/peluqueria\/#breadcrumb","itemListElement":[{"@type":"ListItem","position":1,"name":"Portada","item":"https:\/\/anadonvet.com\/"},{"@type":"ListItem","position":2,"name":"Peluquer\u00eda"}]},{"@type":"WebSite","@id":"https:\/\/anadonvet.com\/#website","url":"https:\/\/anadonvet.com\/","name":"Anadon Veterinaris Lleida","description":"Cl\u00ednica Anadon Veterinaris, amb m\u00e9s de 60 anys de experi\u00e8ncia.","publisher":{"@id":"https:\/\/anadonvet.com\/#organization"},"alternateName":"Cl\u00ednica Anadon Veterinaris Lleida","potentialAction":[{"@type":"SearchAction","target":{"@type":"EntryPoint","urlTemplate":"https:\/\/anadonvet.com\/?s={search_term_string}"},"query-input":{"@type":"PropertyValueSpecification","valueRequired":true,"valueName":"search_term_string"}}],"inLanguage":"ca"},{"@type":"Organization","@id":"https:\/\/anadonvet.com\/#organization","name":"Anadon Veterinaris Lleida","url":"https:\/\/anadonvet.com\/","logo":{"@type":"ImageObject","inLanguage":"ca","@id":"https:\/\/anadonvet.com\/#\/schema\/logo\/image\/","url":"https:\/\/anadonvet.com\/wp-content\/uploads\/2025\/10\/482316904_23894823563441355_6632827861168593697_n.jpg","contentUrl":"https:\/\/anadonvet.com\/wp-content\/uploads\/2025\/10\/482316904_23894823563441355_6632827861168593697_n.jpg","width":487,"height":487,"caption":"Anadon Veterinaris Lleida"},"image":{"@id":"https:\/\/anadonvet.com\/#\/schema\/logo\/image\/"},"sameAs":["https:\/\/www.facebook.com\/anadon.veterinarios\/","https:\/\/www.instagram.com\/anadon.veterinarios\/"]}]}},"_links":{"self":[{"href":"https:\/\/anadonvet.com\/ca\/wp-json\/wp\/v2\/pages\/166","targetHints":{"allow":["GET"]}}],"collection":[{"href":"https:\/\/anadonvet.com\/ca\/wp-json\/wp\/v2\/pages"}],"about":[{"href":"https:\/\/anadonvet.com\/ca\/wp-json\/wp\/v2\/types\/page"}],"author":[{"embeddable":true,"href":"https:\/\/anadonvet.com\/ca\/wp-json\/wp\/v2\/users\/1"}],"replies":[{"embeddable":true,"href":"https:\/\/anadonvet.com\/ca\/wp-json\/wp\/v2\/comments?post=166"}],"version-history":[{"count":21,"href":"https:\/\/anadonvet.com\/ca\/wp-json\/wp\/v2\/pages\/166\/revisions"}],"predecessor-version":[{"id":683,"href":"https:\/\/anadonvet.com\/ca\/wp-json\/wp\/v2\/pages\/166\/revisions\/683"}],"wp:attachment":[{"href":"https:\/\/anadonvet.com\/ca\/wp-json\/wp\/v2\/media?parent=166"}],"curies":[{"name":"wp","href":"https:\/\/api.w.org\/{rel}","templated":true}]}}