{"id":148,"date":"2025-06-05T19:49:20","date_gmt":"2025-06-05T19:49:20","guid":{"rendered":"https:\/\/anadon.cocoagencyteam.es\/?page_id=148"},"modified":"2025-10-21T07:41:38","modified_gmt":"2025-10-21T07:41:38","slug":"tienda","status":"publish","type":"page","link":"https:\/\/anadonvet.com\/ca\/tienda\/","title":{"rendered":"Botiga"},"content":{"rendered":"<div data-elementor-type=\"wp-page\" data-elementor-id=\"148\" class=\"elementor elementor-148\" data-elementor-post-type=\"page\">\n\t\t\t\t<div class=\"elementor-element elementor-element-66e2741 e-flex e-con-boxed e-con e-parent\" data-id=\"66e2741\" data-element_type=\"container\" data-e-type=\"container\">\n\t\t\t\t\t<div class=\"e-con-inner\">\n\t\t<div class=\"elementor-element elementor-element-3811585f e-con-full e-flex e-con e-child\" data-id=\"3811585f\" data-element_type=\"container\" data-e-type=\"container\">\n\t\t\t\t<div class=\"elementor-element elementor-element-5a7e295 elementor-widget elementor-widget-heading\" data-id=\"5a7e295\" data-element_type=\"widget\" data-e-type=\"widget\" data-widget_type=\"heading.default\">\n\t\t\t\t<div class=\"elementor-widget-container\">\n\t\t\t\t\t<h2 class=\"elementor-heading-title elementor-size-default\">Botiga<\/h2>\t\t\t\t<\/div>\n\t\t\t\t<\/div>\n\t\t\t\t<div class=\"elementor-element elementor-element-337f430a elementor-widget elementor-widget-heading\" data-id=\"337f430a\" data-element_type=\"widget\" data-e-type=\"widget\" data-widget_type=\"heading.default\">\n\t\t\t\t<div class=\"elementor-widget-container\">\n\t\t\t\t\t<h4 class=\"elementor-heading-title elementor-size-default\">Alimentaci\u00f3 i venda de productes<\/h4>\t\t\t\t<\/div>\n\t\t\t\t<\/div>\n\t\t\t\t<div class=\"elementor-element elementor-element-bfc1913 elementor-widget elementor-widget-text-editor\" data-id=\"bfc1913\" data-element_type=\"widget\" data-e-type=\"widget\" data-widget_type=\"text-editor.default\">\n\t\t\t\t<div class=\"elementor-widget-container\">\n\t\t\t\t\t\t\t\t\t<p>Comptem amb una botiga especialitzada on oferim alimentaci\u00f3 d'alta gamma, dietes veterin\u00e0ries, snacks saludables, productes d'higiene, joguines, antiparasitaris i tot tipus d'accessoris.<br \/>Amb els anys, una vegada consolidat el projecte inicial de la cl\u00ednica, vam veure que ens quedava una assignatura pendent: desenvolupar una botiga realment especialitzada i de qualitat. Aquest objectiu es va anar fent realitat a poc a poc, gr\u00e0cies al temps, les noves idees i, sobretot, al treball de persones molt professionals que han sabut donar forma a aquest espai.<\/p>\t\t\t\t\t\t\t\t<\/div>\n\t\t\t\t<\/div>\n\t\t\t\t<\/div>\n\t\t<div class=\"elementor-element elementor-element-2ccb1073 e-con-full e-flex e-con e-child\" data-id=\"2ccb1073\" data-element_type=\"container\" data-e-type=\"container\" data-settings=\"{&quot;background_background&quot;:&quot;classic&quot;}\">\n\t\t\t\t<\/div>\n\t\t\t\t\t<\/div>\n\t\t\t\t<\/div>\n\t\t<div class=\"elementor-element elementor-element-5489a2b e-flex e-con-boxed e-con e-parent\" data-id=\"5489a2b\" data-element_type=\"container\" data-e-type=\"container\">\n\t\t\t\t\t<div class=\"e-con-inner\">\n\t\t<div class=\"elementor-element elementor-element-2b87db2 e-grid e-con-full e-con e-child\" data-id=\"2b87db2\" data-element_type=\"container\" data-e-type=\"container\">\n\t\t<div class=\"elementor-element elementor-element-61fd7e9 e-con-full e-flex e-con e-child\" data-id=\"61fd7e9\" data-element_type=\"container\" data-e-type=\"container\" data-settings=\"{&quot;background_background&quot;:&quot;classic&quot;}\">\n\t\t\t\t<div class=\"elementor-element elementor-element-76ba7aa elementor-view-default elementor-widget elementor-widget-icon\" data-id=\"76ba7aa\" data-element_type=\"widget\" data-e-type=\"widget\" data-widget_type=\"icon.default\">\n\t\t\t\t<div class=\"elementor-widget-container\">\n\t\t\t\t\t\t\t<div class=\"elementor-icon-wrapper\">\n\t\t\t<div class=\"elementor-icon\">\n\t\t\t<svg aria-hidden=\"true\" class=\"e-font-icon-svg e-far-id-badge\" viewbox=\"0 0 384 512\" xmlns=\"http:\/\/www.w3.org\/2000\/svg\"><path d=\"M336 0H48C21.5 0 0 21.5 0 48v416c0 26.5 21.5 48 48 48h288c26.5 0 48-21.5 48-48V48c0-26.5-21.5-48-48-48zm0 464H48V48h288v416zM144 112h96c8.8 0 16-7.2 16-16s-7.2-16-16-16h-96c-8.8 0-16 7.2-16 16s7.2 16 16 16zm48 176c35.3 0 64-28.7 64-64s-28.7-64-64-64-64 28.7-64 64 28.7 64 64 64zm-89.6 128h179.2c12.4 0 22.4-8.6 22.4-19.2v-19.2c0-31.8-30.1-57.6-67.2-57.6-10.8 0-18.7 8-44.8 8-26.9 0-33.4-8-44.8-8-37.1 0-67.2 25.8-67.2 57.6v19.2c0 10.6 10 19.2 22.4 19.2z\"><\/path><\/svg>\t\t\t<\/div>\n\t\t<\/div>\n\t\t\t\t\t\t<\/div>\n\t\t\t\t<\/div>\n\t\t\t\t<div class=\"elementor-element elementor-element-73c2c8a elementor-widget elementor-widget-heading\" data-id=\"73c2c8a\" data-element_type=\"widget\" data-e-type=\"widget\" data-widget_type=\"heading.default\">\n\t\t\t\t<div class=\"elementor-widget-container\">\n\t\t\t\t\t<h5 class=\"elementor-heading-title elementor-size-default\">Assessorament professional personalitzat.<\/h5>\t\t\t\t<\/div>\n\t\t\t\t<\/div>\n\t\t\t\t<\/div>\n\t\t<div class=\"elementor-element elementor-element-cbe558b e-con-full e-flex e-con e-child\" data-id=\"cbe558b\" data-element_type=\"container\" data-e-type=\"container\" data-settings=\"{&quot;background_background&quot;:&quot;classic&quot;}\">\n\t\t\t\t<div class=\"elementor-element elementor-element-99b0990 elementor-view-default elementor-widget elementor-widget-icon\" data-id=\"99b0990\" data-element_type=\"widget\" data-e-type=\"widget\" data-widget_type=\"icon.default\">\n\t\t\t\t<div class=\"elementor-widget-container\">\n\t\t\t\t\t\t\t<div class=\"elementor-icon-wrapper\">\n\t\t\t<div class=\"elementor-icon\">\n\t\t\t<svg aria-hidden=\"true\" class=\"e-font-icon-svg e-fas-shopping-basket\" viewbox=\"0 0 576 512\" xmlns=\"http:\/\/www.w3.org\/2000\/svg\"><path d=\"M576 216v16c0 13.255-10.745 24-24 24h-8l-26.113 182.788C514.509 462.435 494.257 480 470.37 480H105.63c-23.887 0-44.139-17.565-47.518-41.212L32 256h-8c-13.255 0-24-10.745-24-24v-16c0-13.255 10.745-24 24-24h67.341l106.78-146.821c10.395-14.292 30.407-17.453 44.701-7.058 14.293 10.395 17.453 30.408 7.058 44.701L170.477 192h235.046L326.12 82.821c-10.395-14.292-7.234-34.306 7.059-44.701 14.291-10.395 34.306-7.235 44.701 7.058L484.659 192H552c13.255 0 24 10.745 24 24zM312 392V280c0-13.255-10.745-24-24-24s-24 10.745-24 24v112c0 13.255 10.745 24 24 24s24-10.745 24-24zm112 0V280c0-13.255-10.745-24-24-24s-24 10.745-24 24v112c0 13.255 10.745 24 24 24s24-10.745 24-24zm-224 0V280c0-13.255-10.745-24-24-24s-24 10.745-24 24v112c0 13.255 10.745 24 24 24s24-10.745 24-24z\"><\/path><\/svg>\t\t\t<\/div>\n\t\t<\/div>\n\t\t\t\t\t\t<\/div>\n\t\t\t\t<\/div>\n\t\t\t\t<div class=\"elementor-element elementor-element-d446070 elementor-widget elementor-widget-heading\" data-id=\"d446070\" data-element_type=\"widget\" data-e-type=\"widget\" data-widget_type=\"heading.default\">\n\t\t\t\t<div class=\"elementor-widget-container\">\n\t\t\t\t\t<h5 class=\"elementor-heading-title elementor-size-default\">Selecci\u00f3 de productes aprovats pel nostre equip veterinari.\n<\/h5>\t\t\t\t<\/div>\n\t\t\t\t<\/div>\n\t\t\t\t<\/div>\n\t\t<div class=\"elementor-element elementor-element-7edff84 e-con-full e-flex e-con e-child\" data-id=\"7edff84\" data-element_type=\"container\" data-e-type=\"container\" data-settings=\"{&quot;background_background&quot;:&quot;classic&quot;}\">\n\t\t\t\t<div class=\"elementor-element elementor-element-fb0b409 elementor-view-default elementor-widget elementor-widget-icon\" data-id=\"fb0b409\" data-element_type=\"widget\" data-e-type=\"widget\" data-widget_type=\"icon.default\">\n\t\t\t\t<div class=\"elementor-widget-container\">\n\t\t\t\t\t\t\t<div class=\"elementor-icon-wrapper\">\n\t\t\t<div class=\"elementor-icon\">\n\t\t\t<svg xmlns=\"http:\/\/www.w3.org\/2000\/svg\" width=\"256\" height=\"256\" viewbox=\"0 0 24 24\" fill=\"#FF3131\"><path fill=\"#FF3131\" d=\"m12 7.09l2.45 1.49l-.65-2.81L16 3.89l-2.89-.25L12 1l-1.13 2.64L8 3.89l2.18 1.88l-.68 2.81L12 7.09M15 23H9V10h6v13M1 17v6h6v-6H1m4 4H3v-2h2v2m12-8v10h6V13h-6m4 8h-2v-6h2v6Z\"><\/path><\/svg>\t\t\t<\/div>\n\t\t<\/div>\n\t\t\t\t\t\t<\/div>\n\t\t\t\t<\/div>\n\t\t\t\t<div class=\"elementor-element elementor-element-edab80d elementor-widget elementor-widget-heading\" data-id=\"edab80d\" data-element_type=\"widget\" data-e-type=\"widget\" data-widget_type=\"heading.default\">\n\t\t\t\t<div class=\"elementor-widget-container\">\n\t\t\t\t\t<h5 class=\"elementor-heading-title elementor-size-default\">Acc\u00e9s a marques l\u00edders del mercat.\n<\/h5>\t\t\t\t<\/div>\n\t\t\t\t<\/div>\n\t\t\t\t<\/div>\n\t\t\t\t<\/div>\n\t\t<div class=\"elementor-element elementor-element-f8587b5 e-con-full e-flex e-con e-child\" data-id=\"f8587b5\" data-element_type=\"container\" data-e-type=\"container\" data-settings=\"{&quot;background_background&quot;:&quot;classic&quot;}\">\n\t\t\t\t<div class=\"elementor-element elementor-element-a180366 elementor-widget elementor-widget-text-editor\" data-id=\"a180366\" data-element_type=\"widget\" data-e-type=\"widget\" data-widget_type=\"text-editor.default\">\n\t\t\t\t<div class=\"elementor-widget-container\">\n\t\t\t\t\t\t\t\t\t<h4>Posibilidad de realizar pedidos individuales de alimentaci\u00f3n o accesorios seg\u00fan las necesidades espec\u00edficas de cada cliente<\/h4>\t\t\t\t\t\t\t\t<\/div>\n\t\t\t\t<\/div>\n\t\t\t\t<\/div>\n\t\t\t\t\t<\/div>\n\t\t\t\t<\/div>\n\t\t<div class=\"elementor-element elementor-element-e84ca9f e-flex e-con-boxed e-con e-parent\" data-id=\"e84ca9f\" data-element_type=\"container\" data-e-type=\"container\">\n\t\t\t\t\t<div class=\"e-con-inner\">\n\t\t\t\t<div class=\"elementor-element elementor-element-1f05b27 elementor-arrows-position-inside elementor-pagination-position-outside elementor-widget elementor-widget-image-carousel\" data-id=\"1f05b27\" data-element_type=\"widget\" data-e-type=\"widget\" data-settings=\"{&quot;slides_to_show&quot;:&quot;1&quot;,&quot;navigation&quot;:&quot;both&quot;,&quot;autoplay&quot;:&quot;yes&quot;,&quot;pause_on_hover&quot;:&quot;yes&quot;,&quot;pause_on_interaction&quot;:&quot;yes&quot;,&quot;autoplay_speed&quot;:5000,&quot;infinite&quot;:&quot;yes&quot;,&quot;effect&quot;:&quot;slide&quot;,&quot;speed&quot;:500}\" data-widget_type=\"image-carousel.default\">\n\t\t\t\t<div class=\"elementor-widget-container\">\n\t\t\t\t\t\t\t<div class=\"elementor-image-carousel-wrapper swiper\" role=\"region\" aria-roledescription=\"carousel\" aria-label=\"Carrusel de im\u00e1genes\" dir=\"ltr\">\n\t\t\t<div class=\"elementor-image-carousel swiper-wrapper\" aria-live=\"off\">\n\t\t\t\t\t\t\t\t<div class=\"swiper-slide\" role=\"group\" aria-roledescription=\"slide\" aria-label=\"1 de 6\" data-no-translation-aria-label=\"\"><figure class=\"swiper-slide-inner\"><img decoding=\"async\" class=\"swiper-slide-image\" src=\"https:\/\/anadonvet.com\/wp-content\/uploads\/2025\/10\/4-IMG_2476-768x432.jpg\" alt=\"4-IMG_2476\" \/><\/figure><\/div><div class=\"swiper-slide\" role=\"group\" aria-roledescription=\"slide\" aria-label=\"2 de 6\" data-no-translation-aria-label=\"\"><figure class=\"swiper-slide-inner\"><img decoding=\"async\" class=\"swiper-slide-image\" src=\"https:\/\/anadonvet.com\/wp-content\/uploads\/2025\/10\/5-IMG_2477-768x432.jpg\" alt=\"5-IMG_2477\" \/><\/figure><\/div><div class=\"swiper-slide\" role=\"group\" aria-roledescription=\"slide\" aria-label=\"3 de 6\" data-no-translation-aria-label=\"\"><figure class=\"swiper-slide-inner\"><img decoding=\"async\" class=\"swiper-slide-image\" src=\"https:\/\/anadonvet.com\/wp-content\/uploads\/2025\/10\/2-IMG_2473-768x432.jpg\" alt=\"2-IMG_2473\" \/><\/figure><\/div><div class=\"swiper-slide\" role=\"group\" aria-roledescription=\"slide\" aria-label=\"4 de 6\" data-no-translation-aria-label=\"\"><figure class=\"swiper-slide-inner\"><img decoding=\"async\" class=\"swiper-slide-image\" src=\"https:\/\/anadonvet.com\/wp-content\/uploads\/2025\/10\/6-IMG_2481-768x432.jpg\" alt=\"6-IMG_2481\" \/><\/figure><\/div><div class=\"swiper-slide\" role=\"group\" aria-roledescription=\"slide\" aria-label=\"5 de 6\" data-no-translation-aria-label=\"\"><figure class=\"swiper-slide-inner\"><img decoding=\"async\" class=\"swiper-slide-image\" src=\"https:\/\/anadonvet.com\/wp-content\/uploads\/2025\/10\/1-IMG_2480-768x432.jpg\" alt=\"1-IMG_2480\" \/><\/figure><\/div><div class=\"swiper-slide\" role=\"group\" aria-roledescription=\"slide\" aria-label=\"6 de 6\" data-no-translation-aria-label=\"\"><figure class=\"swiper-slide-inner\"><img decoding=\"async\" class=\"swiper-slide-image\" src=\"https:\/\/anadonvet.com\/wp-content\/uploads\/2025\/10\/3-IMG_2474-768x432.jpg\" alt=\"3-IMG_2474\" \/><\/figure><\/div>\t\t\t<\/div>\n\t\t\t\t\t\t\t\t\t\t\t\t<div class=\"elementor-swiper-button elementor-swiper-button-prev\" role=\"button\" tabindex=\"0\">\n\t\t\t\t\t\t<svg aria-hidden=\"true\" class=\"e-font-icon-svg e-eicon-chevron-left\" viewbox=\"0 0 1000 1000\" xmlns=\"http:\/\/www.w3.org\/2000\/svg\"><path d=\"M646 125C629 125 613 133 604 142L308 442C296 454 292 471 292 487 292 504 296 521 308 533L604 854C617 867 629 875 646 875 663 875 679 871 692 858 704 846 713 829 713 812 713 796 708 779 692 767L438 487 692 225C700 217 708 204 708 187 708 171 704 154 692 142 675 129 663 125 646 125Z\"><\/path><\/svg>\t\t\t\t\t<\/div>\n\t\t\t\t\t<div class=\"elementor-swiper-button elementor-swiper-button-next\" role=\"button\" tabindex=\"0\">\n\t\t\t\t\t\t<svg aria-hidden=\"true\" class=\"e-font-icon-svg e-eicon-chevron-right\" viewbox=\"0 0 1000 1000\" xmlns=\"http:\/\/www.w3.org\/2000\/svg\"><path d=\"M696 533C708 521 713 504 713 487 713 471 708 454 696 446L400 146C388 133 375 125 354 125 338 125 325 129 313 142 300 154 292 171 292 187 292 204 296 221 308 233L563 492 304 771C292 783 288 800 288 817 288 833 296 850 308 863 321 871 338 875 354 875 371 875 388 867 400 854L696 533Z\"><\/path><\/svg>\t\t\t\t\t<\/div>\n\t\t\t\t\n\t\t\t\t\t\t\t\t\t<div class=\"swiper-pagination\"><\/div>\n\t\t\t\t\t\t\t\t\t<\/div>\n\t\t\t\t\t\t<\/div>\n\t\t\t\t<\/div>\n\t\t\t\t\t<\/div>\n\t\t\t\t<\/div>\n\t\t\t\t<\/div>","protected":false},"excerpt":{"rendered":"<p>Tienda Alimentaci\u00f3n y venta de productos Contamos con una tienda especializada donde ofrecemos alimentaci\u00f3n de alta gama, dietas veterinarias, snacks saludables, productos de higiene, juguetes, antiparasitarios y todo tipo de accesorios.Con los a\u00f1os, una vez consolidado el proyecto inicial de la cl\u00ednica, vimos que nos quedaba una asignatura pendiente: desarrollar una tienda realmente especializada y [&hellip;]<\/p>\n","protected":false},"author":1,"featured_media":0,"parent":0,"menu_order":0,"comment_status":"closed","ping_status":"closed","template":"elementor_header_footer","meta":{"footnotes":""},"class_list":["post-148","page","type-page","status-publish","hentry"],"yoast_head":"<!-- This site is optimized with the Yoast SEO plugin v27.4 - https:\/\/yoast.com\/product\/yoast-seo-wordpress\/ -->\n<title>Tienda &#062; Anadon Veterinaris Lleida<\/title>\n<meta name=\"robots\" content=\"index, follow, max-snippet:-1, max-image-preview:large, max-video-preview:-1\" \/>\n<link rel=\"canonical\" href=\"https:\/\/anadonvet.com\/ca\/tienda\/\" \/>\n<meta property=\"og:locale\" content=\"ca_ES\" \/>\n<meta property=\"og:type\" content=\"article\" \/>\n<meta property=\"og:title\" content=\"Tienda &#062; Anadon Veterinaris Lleida\" \/>\n<meta property=\"og:description\" content=\"Tienda Alimentaci\u00f3n y venta de productos Contamos con una tienda especializada donde ofrecemos alimentaci\u00f3n de alta gama, dietas veterinarias, snacks saludables, productos de higiene, juguetes, antiparasitarios y todo tipo de accesorios.Con los a\u00f1os, una vez consolidado el proyecto inicial de la cl\u00ednica, vimos que nos quedaba una asignatura pendiente: desarrollar una tienda realmente especializada y [&hellip;]\" \/>\n<meta property=\"og:url\" content=\"https:\/\/anadonvet.com\/ca\/tienda\/\" \/>\n<meta property=\"og:site_name\" content=\"Anadon Veterinaris Lleida\" \/>\n<meta property=\"article:publisher\" content=\"https:\/\/www.facebook.com\/anadon.veterinarios\/\" \/>\n<meta property=\"article:modified_time\" content=\"2025-10-21T07:41:38+00:00\" \/>\n<meta property=\"og:image\" content=\"https:\/\/anadonvet.com\/wp-content\/uploads\/2025\/10\/4-IMG_2476-768x432.jpg\" \/>\n<meta name=\"twitter:card\" content=\"summary_large_image\" \/>\n<meta name=\"twitter:label1\" content=\"Temps estimat de lectura\" \/>\n\t<meta name=\"twitter:data1\" content=\"3 minuts\" \/>\n<script type=\"application\/ld+json\" class=\"yoast-schema-graph\">{\"@context\":\"https:\\\/\\\/schema.org\",\"@graph\":[{\"@type\":\"WebPage\",\"@id\":\"https:\\\/\\\/anadonvet.com\\\/tienda\\\/\",\"url\":\"https:\\\/\\\/anadonvet.com\\\/tienda\\\/\",\"name\":\"Tienda &#062; Anadon Veterinaris Lleida\",\"isPartOf\":{\"@id\":\"https:\\\/\\\/anadonvet.com\\\/#website\"},\"primaryImageOfPage\":{\"@id\":\"https:\\\/\\\/anadonvet.com\\\/tienda\\\/#primaryimage\"},\"image\":{\"@id\":\"https:\\\/\\\/anadonvet.com\\\/tienda\\\/#primaryimage\"},\"thumbnailUrl\":\"https:\\\/\\\/anadonvet.com\\\/wp-content\\\/uploads\\\/2025\\\/10\\\/4-IMG_2476-768x432.jpg\",\"datePublished\":\"2025-06-05T19:49:20+00:00\",\"dateModified\":\"2025-10-21T07:41:38+00:00\",\"breadcrumb\":{\"@id\":\"https:\\\/\\\/anadonvet.com\\\/tienda\\\/#breadcrumb\"},\"inLanguage\":\"ca\",\"potentialAction\":[{\"@type\":\"ReadAction\",\"target\":[\"https:\\\/\\\/anadonvet.com\\\/tienda\\\/\"]}]},{\"@type\":\"ImageObject\",\"inLanguage\":\"ca\",\"@id\":\"https:\\\/\\\/anadonvet.com\\\/tienda\\\/#primaryimage\",\"url\":\"https:\\\/\\\/anadonvet.com\\\/wp-content\\\/uploads\\\/2025\\\/10\\\/4-IMG_2476-768x432.jpg\",\"contentUrl\":\"https:\\\/\\\/anadonvet.com\\\/wp-content\\\/uploads\\\/2025\\\/10\\\/4-IMG_2476-768x432.jpg\"},{\"@type\":\"BreadcrumbList\",\"@id\":\"https:\\\/\\\/anadonvet.com\\\/tienda\\\/#breadcrumb\",\"itemListElement\":[{\"@type\":\"ListItem\",\"position\":1,\"name\":\"Portada\",\"item\":\"https:\\\/\\\/anadonvet.com\\\/\"},{\"@type\":\"ListItem\",\"position\":2,\"name\":\"Tienda\"}]},{\"@type\":\"WebSite\",\"@id\":\"https:\\\/\\\/anadonvet.com\\\/#website\",\"url\":\"https:\\\/\\\/anadonvet.com\\\/\",\"name\":\"Anadon Veterinaris Lleida\",\"description\":\"Cl\u00ednica Anadon Veterinaris, amb m\u00e9s de 60 anys de experi\u00e8ncia.\",\"publisher\":{\"@id\":\"https:\\\/\\\/anadonvet.com\\\/#organization\"},\"alternateName\":\"Cl\u00ednica Anadon Veterinaris Lleida\",\"potentialAction\":[{\"@type\":\"SearchAction\",\"target\":{\"@type\":\"EntryPoint\",\"urlTemplate\":\"https:\\\/\\\/anadonvet.com\\\/?s={search_term_string}\"},\"query-input\":{\"@type\":\"PropertyValueSpecification\",\"valueRequired\":true,\"valueName\":\"search_term_string\"}}],\"inLanguage\":\"ca\"},{\"@type\":\"Organization\",\"@id\":\"https:\\\/\\\/anadonvet.com\\\/#organization\",\"name\":\"Anadon Veterinaris Lleida\",\"url\":\"https:\\\/\\\/anadonvet.com\\\/\",\"logo\":{\"@type\":\"ImageObject\",\"inLanguage\":\"ca\",\"@id\":\"https:\\\/\\\/anadonvet.com\\\/#\\\/schema\\\/logo\\\/image\\\/\",\"url\":\"https:\\\/\\\/anadonvet.com\\\/wp-content\\\/uploads\\\/2025\\\/10\\\/482316904_23894823563441355_6632827861168593697_n.jpg\",\"contentUrl\":\"https:\\\/\\\/anadonvet.com\\\/wp-content\\\/uploads\\\/2025\\\/10\\\/482316904_23894823563441355_6632827861168593697_n.jpg\",\"width\":487,\"height\":487,\"caption\":\"Anadon Veterinaris Lleida\"},\"image\":{\"@id\":\"https:\\\/\\\/anadonvet.com\\\/#\\\/schema\\\/logo\\\/image\\\/\"},\"sameAs\":[\"https:\\\/\\\/www.facebook.com\\\/anadon.veterinarios\\\/\",\"https:\\\/\\\/www.instagram.com\\\/anadon.veterinarios\\\/\"]}]}<\/script>\n<!-- \/ Yoast SEO plugin. -->","yoast_head_json":{"title":"Tienda &#062; Anadon Veterinaris Lleida","robots":{"index":"index","follow":"follow","max-snippet":"max-snippet:-1","max-image-preview":"max-image-preview:large","max-video-preview":"max-video-preview:-1"},"canonical":"https:\/\/anadonvet.com\/ca\/tienda\/","og_locale":"ca_ES","og_type":"article","og_title":"Tienda &#062; Anadon Veterinaris Lleida","og_description":"Tienda Alimentaci\u00f3n y venta de productos Contamos con una tienda especializada donde ofrecemos alimentaci\u00f3n de alta gama, dietas veterinarias, snacks saludables, productos de higiene, juguetes, antiparasitarios y todo tipo de accesorios.Con los a\u00f1os, una vez consolidado el proyecto inicial de la cl\u00ednica, vimos que nos quedaba una asignatura pendiente: desarrollar una tienda realmente especializada y [&hellip;]","og_url":"https:\/\/anadonvet.com\/ca\/tienda\/","og_site_name":"Anadon Veterinaris Lleida","article_publisher":"https:\/\/www.facebook.com\/anadon.veterinarios\/","article_modified_time":"2025-10-21T07:41:38+00:00","og_image":[{"url":"https:\/\/anadonvet.com\/wp-content\/uploads\/2025\/10\/4-IMG_2476-768x432.jpg","type":"","width":"","height":""}],"twitter_card":"summary_large_image","twitter_misc":{"Temps estimat de lectura":"3 minuts"},"schema":{"@context":"https:\/\/schema.org","@graph":[{"@type":"WebPage","@id":"https:\/\/anadonvet.com\/tienda\/","url":"https:\/\/anadonvet.com\/tienda\/","name":"Tienda &#062; Anadon Veterinaris Lleida","isPartOf":{"@id":"https:\/\/anadonvet.com\/#website"},"primaryImageOfPage":{"@id":"https:\/\/anadonvet.com\/tienda\/#primaryimage"},"image":{"@id":"https:\/\/anadonvet.com\/tienda\/#primaryimage"},"thumbnailUrl":"https:\/\/anadonvet.com\/wp-content\/uploads\/2025\/10\/4-IMG_2476-768x432.jpg","datePublished":"2025-06-05T19:49:20+00:00","dateModified":"2025-10-21T07:41:38+00:00","breadcrumb":{"@id":"https:\/\/anadonvet.com\/tienda\/#breadcrumb"},"inLanguage":"ca","potentialAction":[{"@type":"ReadAction","target":["https:\/\/anadonvet.com\/tienda\/"]}]},{"@type":"ImageObject","inLanguage":"ca","@id":"https:\/\/anadonvet.com\/tienda\/#primaryimage","url":"https:\/\/anadonvet.com\/wp-content\/uploads\/2025\/10\/4-IMG_2476-768x432.jpg","contentUrl":"https:\/\/anadonvet.com\/wp-content\/uploads\/2025\/10\/4-IMG_2476-768x432.jpg"},{"@type":"BreadcrumbList","@id":"https:\/\/anadonvet.com\/tienda\/#breadcrumb","itemListElement":[{"@type":"ListItem","position":1,"name":"Portada","item":"https:\/\/anadonvet.com\/"},{"@type":"ListItem","position":2,"name":"Tienda"}]},{"@type":"WebSite","@id":"https:\/\/anadonvet.com\/#website","url":"https:\/\/anadonvet.com\/","name":"Anadon Veterinaris Lleida","description":"Cl\u00ednica Anadon Veterinaris, amb m\u00e9s de 60 anys de experi\u00e8ncia.","publisher":{"@id":"https:\/\/anadonvet.com\/#organization"},"alternateName":"Cl\u00ednica Anadon Veterinaris Lleida","potentialAction":[{"@type":"SearchAction","target":{"@type":"EntryPoint","urlTemplate":"https:\/\/anadonvet.com\/?s={search_term_string}"},"query-input":{"@type":"PropertyValueSpecification","valueRequired":true,"valueName":"search_term_string"}}],"inLanguage":"ca"},{"@type":"Organization","@id":"https:\/\/anadonvet.com\/#organization","name":"Anadon Veterinaris Lleida","url":"https:\/\/anadonvet.com\/","logo":{"@type":"ImageObject","inLanguage":"ca","@id":"https:\/\/anadonvet.com\/#\/schema\/logo\/image\/","url":"https:\/\/anadonvet.com\/wp-content\/uploads\/2025\/10\/482316904_23894823563441355_6632827861168593697_n.jpg","contentUrl":"https:\/\/anadonvet.com\/wp-content\/uploads\/2025\/10\/482316904_23894823563441355_6632827861168593697_n.jpg","width":487,"height":487,"caption":"Anadon Veterinaris Lleida"},"image":{"@id":"https:\/\/anadonvet.com\/#\/schema\/logo\/image\/"},"sameAs":["https:\/\/www.facebook.com\/anadon.veterinarios\/","https:\/\/www.instagram.com\/anadon.veterinarios\/"]}]}},"_links":{"self":[{"href":"https:\/\/anadonvet.com\/ca\/wp-json\/wp\/v2\/pages\/148","targetHints":{"allow":["GET"]}}],"collection":[{"href":"https:\/\/anadonvet.com\/ca\/wp-json\/wp\/v2\/pages"}],"about":[{"href":"https:\/\/anadonvet.com\/ca\/wp-json\/wp\/v2\/types\/page"}],"author":[{"embeddable":true,"href":"https:\/\/anadonvet.com\/ca\/wp-json\/wp\/v2\/users\/1"}],"replies":[{"embeddable":true,"href":"https:\/\/anadonvet.com\/ca\/wp-json\/wp\/v2\/comments?post=148"}],"version-history":[{"count":33,"href":"https:\/\/anadonvet.com\/ca\/wp-json\/wp\/v2\/pages\/148\/revisions"}],"predecessor-version":[{"id":713,"href":"https:\/\/anadonvet.com\/ca\/wp-json\/wp\/v2\/pages\/148\/revisions\/713"}],"wp:attachment":[{"href":"https:\/\/anadonvet.com\/ca\/wp-json\/wp\/v2\/media?parent=148"}],"curies":[{"name":"wp","href":"https:\/\/api.w.org\/{rel}","templated":true}]}}