{"id":103,"date":"2025-06-05T19:07:06","date_gmt":"2025-06-05T19:07:06","guid":{"rendered":"https:\/\/anadon.cocoagencyteam.es\/?page_id=103"},"modified":"2025-10-21T07:46:56","modified_gmt":"2025-10-21T07:46:56","slug":"contacto","status":"publish","type":"page","link":"https:\/\/anadonvet.com\/ca\/contacto\/","title":{"rendered":"Contacte"},"content":{"rendered":"<div data-elementor-type=\"wp-page\" data-elementor-id=\"103\" class=\"elementor elementor-103\" data-elementor-post-type=\"page\">\n\t\t\t\t<div class=\"elementor-element elementor-element-561e8d4a e-flex e-con-boxed e-con e-parent\" data-id=\"561e8d4a\" data-element_type=\"container\" data-e-type=\"container\">\n\t\t\t\t\t<div class=\"e-con-inner\">\n\t\t<div class=\"elementor-element elementor-element-1f2d6bbc e-con-full e-flex e-con e-child\" data-id=\"1f2d6bbc\" data-element_type=\"container\" data-e-type=\"container\">\n\t\t\t\t<div class=\"elementor-element elementor-element-748bd7e5 elementor-widget elementor-widget-heading\" data-id=\"748bd7e5\" data-element_type=\"widget\" data-e-type=\"widget\" data-widget_type=\"heading.default\">\n\t\t\t\t<div class=\"elementor-widget-container\">\n\t\t\t\t\t<h2 class=\"elementor-heading-title elementor-size-default\">Contacta'ns<\/h2>\t\t\t\t<\/div>\n\t\t\t\t<\/div>\n\t\t\t\t<div class=\"elementor-element elementor-element-3b8a53c9 elementor-widget__width-initial elementor-widget elementor-widget-heading\" data-id=\"3b8a53c9\" data-element_type=\"widget\" data-e-type=\"widget\" data-widget_type=\"heading.default\">\n\t\t\t\t<div class=\"elementor-widget-container\">\n\t\t\t\t\t<p class=\"elementor-heading-title elementor-size-default\">Estamos aqu\u00ed para ayudarle con cualquier pregunta o inquietud que tenga sobre el bienestar de su mascota.<\/p>\t\t\t\t<\/div>\n\t\t\t\t<\/div>\n\t\t\t\t<\/div>\n\t\t<div class=\"elementor-element elementor-element-33912144 e-con-full e-flex e-con e-child\" data-id=\"33912144\" data-element_type=\"container\" data-e-type=\"container\" data-settings=\"{&quot;background_background&quot;:&quot;classic&quot;}\">\n\t\t\t\t<\/div>\n\t\t\t\t\t<\/div>\n\t\t\t\t<\/div>\n\t\t<div class=\"elementor-element elementor-element-17c49c07 e-flex e-con-boxed e-con e-parent\" data-id=\"17c49c07\" data-element_type=\"container\" data-e-type=\"container\">\n\t\t\t\t\t<div class=\"e-con-inner\">\n\t\t<div class=\"elementor-element elementor-element-5abcf440 e-con-full e-flex e-con e-child\" data-id=\"5abcf440\" data-element_type=\"container\" data-e-type=\"container\" data-settings=\"{&quot;background_background&quot;:&quot;classic&quot;,&quot;position&quot;:&quot;absolute&quot;}\">\n\t\t<div class=\"elementor-element elementor-element-141bcdc0 e-con-full e-flex e-con e-child\" data-id=\"141bcdc0\" data-element_type=\"container\" data-e-type=\"container\">\n\t\t\t\t<div class=\"elementor-element elementor-element-5f9ddbc2 elementor-widget elementor-widget-heading\" data-id=\"5f9ddbc2\" data-element_type=\"widget\" data-e-type=\"widget\" data-widget_type=\"heading.default\">\n\t\t\t\t<div class=\"elementor-widget-container\">\n\t\t\t\t\t<h5 class=\"elementor-heading-title elementor-size-default\">Contacta'ns<\/h5>\t\t\t\t<\/div>\n\t\t\t\t<\/div>\n\t\t\t\t<div class=\"elementor-element elementor-element-12ffcbdb elementor-icon-list--layout-traditional elementor-list-item-link-full_width elementor-widget elementor-widget-icon-list\" data-id=\"12ffcbdb\" data-element_type=\"widget\" data-e-type=\"widget\" data-widget_type=\"icon-list.default\">\n\t\t\t\t<div class=\"elementor-widget-container\">\n\t\t\t\t\t\t\t<ul class=\"elementor-icon-list-items\">\n\t\t\t\t\t\t\t<li class=\"elementor-icon-list-item\">\n\t\t\t\t\t\t\t\t\t\t\t<a href=\"mailto:anadon@anadonvet.com\">\n\n\t\t\t\t\t\t\t\t\t\t\t\t<span class=\"elementor-icon-list-icon\">\n\t\t\t\t\t\t\t<i aria-hidden=\"true\" class=\"rtmicon rtmicon-envelope\"><\/i>\t\t\t\t\t\t<\/span>\n\t\t\t\t\t\t\t\t\t\t<span class=\"elementor-icon-list-text\">anadon@anadonvet.com<\/span>\n\t\t\t\t\t\t\t\t\t\t\t<\/a>\n\t\t\t\t\t\t\t\t\t<\/li>\n\t\t\t\t\t\t\t\t<li class=\"elementor-icon-list-item\">\n\t\t\t\t\t\t\t\t\t\t\t<a href=\"tel:973%2026%2063%2088\">\n\n\t\t\t\t\t\t\t\t\t\t\t\t<span class=\"elementor-icon-list-icon\">\n\t\t\t\t\t\t\t<svg aria-hidden=\"true\" class=\"e-font-icon-svg e-fas-phone-alt\" viewbox=\"0 0 512 512\" xmlns=\"http:\/\/www.w3.org\/2000\/svg\"><path d=\"M497.39 361.8l-112-48a24 24 0 0 0-28 6.9l-49.6 60.6A370.66 370.66 0 0 1 130.6 204.11l60.6-49.6a23.94 23.94 0 0 0 6.9-28l-48-112A24.16 24.16 0 0 0 122.6.61l-104 24A24 24 0 0 0 0 48c0 256.5 207.9 464 464 464a24 24 0 0 0 23.4-18.6l24-104a24.29 24.29 0 0 0-14.01-27.6z\"><\/path><\/svg>\t\t\t\t\t\t<\/span>\n\t\t\t\t\t\t\t\t\t\t<span class=\"elementor-icon-list-text\">973 26 63 88<\/span>\n\t\t\t\t\t\t\t\t\t\t\t<\/a>\n\t\t\t\t\t\t\t\t\t<\/li>\n\t\t\t\t\t\t<\/ul>\n\t\t\t\t\t\t<\/div>\n\t\t\t\t<\/div>\n\t\t\t\t<\/div>\n\t\t<div class=\"elementor-element elementor-element-418910c e-con-full e-flex e-con e-child\" data-id=\"418910c\" data-element_type=\"container\" data-e-type=\"container\">\n\t\t\t\t<div class=\"elementor-element elementor-element-222b71a8 elementor-widget elementor-widget-heading\" data-id=\"222b71a8\" data-element_type=\"widget\" data-e-type=\"widget\" data-widget_type=\"heading.default\">\n\t\t\t\t<div class=\"elementor-widget-container\">\n\t\t\t\t\t<h5 class=\"elementor-heading-title elementor-size-default\">Adre\u00e7a <\/h5>\t\t\t\t<\/div>\n\t\t\t\t<\/div>\n\t\t\t\t<div class=\"elementor-element elementor-element-7a9ca91e elementor-widget elementor-widget-text-editor\" data-id=\"7a9ca91e\" data-element_type=\"widget\" data-e-type=\"widget\" data-widget_type=\"text-editor.default\">\n\t\t\t\t<div class=\"elementor-widget-container\">\n\t\t\t\t\t\t\t\t\t<p>Vine a visitar-nos! La nostra ubicaci\u00f3, aqu\u00ed<\/p>\t\t\t\t\t\t\t\t<\/div>\n\t\t\t\t<\/div>\n\t\t\t\t<div class=\"elementor-element elementor-element-1bf8f00 elementor-icon-list--layout-traditional elementor-list-item-link-full_width elementor-widget elementor-widget-icon-list\" data-id=\"1bf8f00\" data-element_type=\"widget\" data-e-type=\"widget\" data-widget_type=\"icon-list.default\">\n\t\t\t\t<div class=\"elementor-widget-container\">\n\t\t\t\t\t\t\t<ul class=\"elementor-icon-list-items\">\n\t\t\t\t\t\t\t<li class=\"elementor-icon-list-item\">\n\t\t\t\t\t\t\t\t\t\t\t<a href=\"https:\/\/www.google.com\/maps\/place\/Carrer+Segri%C3%A0,+11,+25006+Lleida,+Espa%C3%B1a\/@41.6173161,0.6146845,18.25z\/data=!4m6!3m5!1s0x12a6e0167f015325:0xd021b55949f80674!8m2!3d41.6171774!4d0.6155541!16s%2Fg%2F11wwmjw6v1?entry=ttu&#038;g_ep=EgoyMDI1MDYwMy4wIKXMDSoASAFQAw%3D%3D\">\n\n\t\t\t\t\t\t\t\t\t\t\t\t<span class=\"elementor-icon-list-icon\">\n\t\t\t\t\t\t\t<i aria-hidden=\"true\" class=\"rtmicon rtmicon-pin-map-location\"><\/i>\t\t\t\t\t\t<\/span>\n\t\t\t\t\t\t\t\t\t\t<span class=\"elementor-icon-list-text\">Calle Segri\u00e0, 11 25006 (Lleida)<\/span>\n\t\t\t\t\t\t\t\t\t\t\t<\/a>\n\t\t\t\t\t\t\t\t\t<\/li>\n\t\t\t\t\t\t<\/ul>\n\t\t\t\t\t\t<\/div>\n\t\t\t\t<\/div>\n\t\t\t\t<div class=\"elementor-element elementor-element-26072d26 elementor-widget__width-initial elementor-absolute elementor-widget elementor-widget-spacer\" data-id=\"26072d26\" data-element_type=\"widget\" data-e-type=\"widget\" data-settings=\"{&quot;_position&quot;:&quot;absolute&quot;}\" data-widget_type=\"spacer.default\">\n\t\t\t\t<div class=\"elementor-widget-container\">\n\t\t\t\t\t\t\t<div class=\"elementor-spacer\">\n\t\t\t<div class=\"elementor-spacer-inner\"><\/div>\n\t\t<\/div>\n\t\t\t\t\t\t<\/div>\n\t\t\t\t<\/div>\n\t\t\t\t<div class=\"elementor-element elementor-element-5dffaeb7 elementor-widget__width-initial elementor-absolute elementor-widget elementor-widget-spacer\" data-id=\"5dffaeb7\" data-element_type=\"widget\" data-e-type=\"widget\" data-settings=\"{&quot;_position&quot;:&quot;absolute&quot;}\" data-widget_type=\"spacer.default\">\n\t\t\t\t<div class=\"elementor-widget-container\">\n\t\t\t\t\t\t\t<div class=\"elementor-spacer\">\n\t\t\t<div class=\"elementor-spacer-inner\"><\/div>\n\t\t<\/div>\n\t\t\t\t\t\t<\/div>\n\t\t\t\t<\/div>\n\t\t\t\t<\/div>\n\t\t\t\t<\/div>\n\t\t\t\t<div class=\"elementor-element elementor-element-5ceb10dc elementor-widget elementor-widget-google_maps\" data-id=\"5ceb10dc\" data-element_type=\"widget\" data-e-type=\"widget\" data-widget_type=\"google_maps.default\">\n\t\t\t\t<div class=\"elementor-widget-container\">\n\t\t\t\t\t\t\t<div class=\"elementor-custom-embed\">\n\t\t\t<iframe loading=\"lazy\"\n\t\t\t\t\tsrc=\"https:\/\/maps.google.com\/maps?q=Anadon%20Veterinaris%2C%20Carrer%20Segri%C3%A0%2C%2011%2C%2025006%20Lleida&#038;t=m&#038;z=16&#038;output=embed&#038;iwloc=near\"\n\t\t\t\t\ttitle=\"Anadon Veterinaris, Carrer Segri\u00e0, 11, 25006 Lleida\"\n\t\t\t\t\taria-label=\"Anadon Veterinaris, Carrer Segri\u00e0, 11, 25006 Lleida\"\n\t\t\t><\/iframe>\n\t\t<\/div>\n\t\t\t\t\t\t<\/div>\n\t\t\t\t<\/div>\n\t\t\t\t\t<\/div>\n\t\t\t\t<\/div>\n\t\t\t\t<\/div>","protected":false},"excerpt":{"rendered":"<p>Contacta con nosotros Estamos aqu\u00ed para ayudarle con cualquier pregunta o inquietud que tenga sobre el bienestar de su mascota. Cont\u00e1ctanos anadon@anadonvet.com 973 26 63 88 Direcci\u00f3n \u00bfVas a visitarnos? Nuestra ubicaci\u00f3n aqu\u00ed Calle Segri\u00e0, 11 25006 (Lleida)<\/p>","protected":false},"author":1,"featured_media":0,"parent":0,"menu_order":0,"comment_status":"closed","ping_status":"closed","template":"elementor_header_footer","meta":{"footnotes":""},"class_list":["post-103","page","type-page","status-publish","hentry"],"yoast_head":"<!-- This site is optimized with the Yoast SEO plugin v27.4 - https:\/\/yoast.com\/product\/yoast-seo-wordpress\/ -->\n<title>Contacto &#062; Anadon Veterinaris Lleida<\/title>\n<meta name=\"robots\" content=\"index, follow, max-snippet:-1, max-image-preview:large, max-video-preview:-1\" \/>\n<link rel=\"canonical\" href=\"https:\/\/anadonvet.com\/ca\/contacto\/\" \/>\n<meta property=\"og:locale\" content=\"ca_ES\" \/>\n<meta property=\"og:type\" content=\"article\" \/>\n<meta property=\"og:title\" content=\"Contacto &#062; Anadon Veterinaris Lleida\" \/>\n<meta property=\"og:description\" content=\"Contacta con nosotros Estamos aqu\u00ed para ayudarle con cualquier pregunta o inquietud que tenga sobre el bienestar de su mascota. Cont\u00e1ctanos anadon@anadonvet.com 973 26 63 88 Direcci\u00f3n \u00bfVas a visitarnos? Nuestra ubicaci\u00f3n aqu\u00ed Calle Segri\u00e0, 11 25006 (Lleida)\" \/>\n<meta property=\"og:url\" content=\"https:\/\/anadonvet.com\/ca\/contacto\/\" \/>\n<meta property=\"og:site_name\" content=\"Anadon Veterinaris Lleida\" \/>\n<meta property=\"article:publisher\" content=\"https:\/\/www.facebook.com\/anadon.veterinarios\/\" \/>\n<meta property=\"article:modified_time\" content=\"2025-10-21T07:46:56+00:00\" \/>\n<meta property=\"og:image\" content=\"https:\/\/anadonvet.com\/wp-content\/uploads\/2025\/10\/21-IMG_2516-scaled.jpg\" \/>\n\t<meta property=\"og:image:width\" content=\"2560\" \/>\n\t<meta property=\"og:image:height\" content=\"1440\" \/>\n\t<meta property=\"og:image:type\" content=\"image\/jpeg\" \/>\n<meta name=\"twitter:card\" content=\"summary_large_image\" \/>\n<meta name=\"twitter:label1\" content=\"Temps estimat de lectura\" \/>\n\t<meta name=\"twitter:data1\" content=\"1 minut\" \/>\n<script type=\"application\/ld+json\" class=\"yoast-schema-graph\">{\"@context\":\"https:\\\/\\\/schema.org\",\"@graph\":[{\"@type\":\"WebPage\",\"@id\":\"https:\\\/\\\/anadonvet.com\\\/contacto\\\/\",\"url\":\"https:\\\/\\\/anadonvet.com\\\/contacto\\\/\",\"name\":\"Contacto &#062; Anadon Veterinaris Lleida\",\"isPartOf\":{\"@id\":\"https:\\\/\\\/anadonvet.com\\\/#website\"},\"datePublished\":\"2025-06-05T19:07:06+00:00\",\"dateModified\":\"2025-10-21T07:46:56+00:00\",\"breadcrumb\":{\"@id\":\"https:\\\/\\\/anadonvet.com\\\/contacto\\\/#breadcrumb\"},\"inLanguage\":\"ca\",\"potentialAction\":[{\"@type\":\"ReadAction\",\"target\":[\"https:\\\/\\\/anadonvet.com\\\/contacto\\\/\"]}]},{\"@type\":\"BreadcrumbList\",\"@id\":\"https:\\\/\\\/anadonvet.com\\\/contacto\\\/#breadcrumb\",\"itemListElement\":[{\"@type\":\"ListItem\",\"position\":1,\"name\":\"Portada\",\"item\":\"https:\\\/\\\/anadonvet.com\\\/\"},{\"@type\":\"ListItem\",\"position\":2,\"name\":\"Contacto\"}]},{\"@type\":\"WebSite\",\"@id\":\"https:\\\/\\\/anadonvet.com\\\/#website\",\"url\":\"https:\\\/\\\/anadonvet.com\\\/\",\"name\":\"Anadon Veterinaris Lleida\",\"description\":\"Cl\u00ednica Anadon Veterinaris, amb m\u00e9s de 60 anys de experi\u00e8ncia.\",\"publisher\":{\"@id\":\"https:\\\/\\\/anadonvet.com\\\/#organization\"},\"alternateName\":\"Cl\u00ednica Anadon Veterinaris Lleida\",\"potentialAction\":[{\"@type\":\"SearchAction\",\"target\":{\"@type\":\"EntryPoint\",\"urlTemplate\":\"https:\\\/\\\/anadonvet.com\\\/?s={search_term_string}\"},\"query-input\":{\"@type\":\"PropertyValueSpecification\",\"valueRequired\":true,\"valueName\":\"search_term_string\"}}],\"inLanguage\":\"ca\"},{\"@type\":\"Organization\",\"@id\":\"https:\\\/\\\/anadonvet.com\\\/#organization\",\"name\":\"Anadon Veterinaris Lleida\",\"url\":\"https:\\\/\\\/anadonvet.com\\\/\",\"logo\":{\"@type\":\"ImageObject\",\"inLanguage\":\"ca\",\"@id\":\"https:\\\/\\\/anadonvet.com\\\/#\\\/schema\\\/logo\\\/image\\\/\",\"url\":\"https:\\\/\\\/anadonvet.com\\\/wp-content\\\/uploads\\\/2025\\\/10\\\/482316904_23894823563441355_6632827861168593697_n.jpg\",\"contentUrl\":\"https:\\\/\\\/anadonvet.com\\\/wp-content\\\/uploads\\\/2025\\\/10\\\/482316904_23894823563441355_6632827861168593697_n.jpg\",\"width\":487,\"height\":487,\"caption\":\"Anadon Veterinaris Lleida\"},\"image\":{\"@id\":\"https:\\\/\\\/anadonvet.com\\\/#\\\/schema\\\/logo\\\/image\\\/\"},\"sameAs\":[\"https:\\\/\\\/www.facebook.com\\\/anadon.veterinarios\\\/\",\"https:\\\/\\\/www.instagram.com\\\/anadon.veterinarios\\\/\"]}]}<\/script>\n<!-- \/ Yoast SEO plugin. -->","yoast_head_json":{"title":"Contacto &#062; Anadon Veterinaris Lleida","robots":{"index":"index","follow":"follow","max-snippet":"max-snippet:-1","max-image-preview":"max-image-preview:large","max-video-preview":"max-video-preview:-1"},"canonical":"https:\/\/anadonvet.com\/ca\/contacto\/","og_locale":"ca_ES","og_type":"article","og_title":"Contacto &#062; Anadon Veterinaris Lleida","og_description":"Contacta con nosotros Estamos aqu\u00ed para ayudarle con cualquier pregunta o inquietud que tenga sobre el bienestar de su mascota. Cont\u00e1ctanos anadon@anadonvet.com 973 26 63 88 Direcci\u00f3n \u00bfVas a visitarnos? Nuestra ubicaci\u00f3n aqu\u00ed Calle Segri\u00e0, 11 25006 (Lleida)","og_url":"https:\/\/anadonvet.com\/ca\/contacto\/","og_site_name":"Anadon Veterinaris Lleida","article_publisher":"https:\/\/www.facebook.com\/anadon.veterinarios\/","article_modified_time":"2025-10-21T07:46:56+00:00","og_image":[{"width":2560,"height":1440,"url":"https:\/\/anadonvet.com\/wp-content\/uploads\/2025\/10\/21-IMG_2516-scaled.jpg","type":"image\/jpeg"}],"twitter_card":"summary_large_image","twitter_misc":{"Temps estimat de lectura":"1 minut"},"schema":{"@context":"https:\/\/schema.org","@graph":[{"@type":"WebPage","@id":"https:\/\/anadonvet.com\/contacto\/","url":"https:\/\/anadonvet.com\/contacto\/","name":"Contacto &#062; Anadon Veterinaris Lleida","isPartOf":{"@id":"https:\/\/anadonvet.com\/#website"},"datePublished":"2025-06-05T19:07:06+00:00","dateModified":"2025-10-21T07:46:56+00:00","breadcrumb":{"@id":"https:\/\/anadonvet.com\/contacto\/#breadcrumb"},"inLanguage":"ca","potentialAction":[{"@type":"ReadAction","target":["https:\/\/anadonvet.com\/contacto\/"]}]},{"@type":"BreadcrumbList","@id":"https:\/\/anadonvet.com\/contacto\/#breadcrumb","itemListElement":[{"@type":"ListItem","position":1,"name":"Portada","item":"https:\/\/anadonvet.com\/"},{"@type":"ListItem","position":2,"name":"Contacto"}]},{"@type":"WebSite","@id":"https:\/\/anadonvet.com\/#website","url":"https:\/\/anadonvet.com\/","name":"Anadon Veterinaris Lleida","description":"Cl\u00ednica Anadon Veterinaris, amb m\u00e9s de 60 anys de experi\u00e8ncia.","publisher":{"@id":"https:\/\/anadonvet.com\/#organization"},"alternateName":"Cl\u00ednica Anadon Veterinaris Lleida","potentialAction":[{"@type":"SearchAction","target":{"@type":"EntryPoint","urlTemplate":"https:\/\/anadonvet.com\/?s={search_term_string}"},"query-input":{"@type":"PropertyValueSpecification","valueRequired":true,"valueName":"search_term_string"}}],"inLanguage":"ca"},{"@type":"Organization","@id":"https:\/\/anadonvet.com\/#organization","name":"Anadon Veterinaris Lleida","url":"https:\/\/anadonvet.com\/","logo":{"@type":"ImageObject","inLanguage":"ca","@id":"https:\/\/anadonvet.com\/#\/schema\/logo\/image\/","url":"https:\/\/anadonvet.com\/wp-content\/uploads\/2025\/10\/482316904_23894823563441355_6632827861168593697_n.jpg","contentUrl":"https:\/\/anadonvet.com\/wp-content\/uploads\/2025\/10\/482316904_23894823563441355_6632827861168593697_n.jpg","width":487,"height":487,"caption":"Anadon Veterinaris Lleida"},"image":{"@id":"https:\/\/anadonvet.com\/#\/schema\/logo\/image\/"},"sameAs":["https:\/\/www.facebook.com\/anadon.veterinarios\/","https:\/\/www.instagram.com\/anadon.veterinarios\/"]}]}},"_links":{"self":[{"href":"https:\/\/anadonvet.com\/ca\/wp-json\/wp\/v2\/pages\/103","targetHints":{"allow":["GET"]}}],"collection":[{"href":"https:\/\/anadonvet.com\/ca\/wp-json\/wp\/v2\/pages"}],"about":[{"href":"https:\/\/anadonvet.com\/ca\/wp-json\/wp\/v2\/types\/page"}],"author":[{"embeddable":true,"href":"https:\/\/anadonvet.com\/ca\/wp-json\/wp\/v2\/users\/1"}],"replies":[{"embeddable":true,"href":"https:\/\/anadonvet.com\/ca\/wp-json\/wp\/v2\/comments?post=103"}],"version-history":[{"count":61,"href":"https:\/\/anadonvet.com\/ca\/wp-json\/wp\/v2\/pages\/103\/revisions"}],"predecessor-version":[{"id":723,"href":"https:\/\/anadonvet.com\/ca\/wp-json\/wp\/v2\/pages\/103\/revisions\/723"}],"wp:attachment":[{"href":"https:\/\/anadonvet.com\/ca\/wp-json\/wp\/v2\/media?parent=103"}],"curies":[{"name":"wp","href":"https:\/\/api.w.org\/{rel}","templated":true}]}}